{"id":25,"date":"2019-05-20T14:37:02","date_gmt":"2019-05-20T12:37:02","guid":{"rendered":"http:\/\/elefanten.testserver-webdesigndoerrer.de\/?page_id=25"},"modified":"2025-01-11T12:50:38","modified_gmt":"2025-01-11T11:50:38","slug":"impressum","status":"publish","type":"page","link":"https:\/\/www.kinderarzt-elefanten.de\/de\/impressum\/","title":{"rendered":"Impressum"},"content":{"rendered":"<div id='av_section_1'  class='avia-section av-cr1-a7f7ab829b00b0931e78f44eb82bfb5c main_color avia-section-default avia-no-border-styling  avia-builder-el-0  avia-builder-el-no-sibling  avia-bg-style-scroll container_wrap fullsize'  ><div class='container av-section-cont-open' ><main  role=\"main\" itemprop=\"mainContentOfPage\"  class='template-page content  av-content-full alpha units'><div class='post-entry post-entry-type-page post-entry-25'><div class='entry-content-wrapper clearfix'>\n<section  class='av_textblock_section av-jxfxpzkb-6de0c05bec351193e2c1fe7cdf7f642e '   itemscope=\"itemscope\" itemtype=\"https:\/\/schema.org\/CreativeWork\" ><div class='avia_textblock'  itemprop=\"text\" ><div id=\"inhalt\">\n<p>Angaben gem\u00e4\u00df \u00a7 5 TMG:<\/p>\n<p><strong>Simona Kloft, dr.med.<\/strong><br \/>\nKinderarztpraxis Bei den Elefanten<br \/>\nGutzkowstra\u00dfe 9<br \/>\n60594 Frankfurt am Main<\/p>\n<p><strong>Kontakt<\/strong><br \/>\nTelefon: 069. 770 191 20<br \/>\nTelefax: 069. 770 191 22<br \/>\nE-Mail:\u00a0<a class=\"link email\" href=\"mailto:info@kinderarzt-elefanten.de\">info@kinderarzt-elefanten.de<\/a><strong><br \/>\n<\/strong><\/p>\n<p><strong>Verantwortlich f\u00fcr den Inhalt nach \u00a7 55 Abs. 2 RStV<\/strong><br \/>\nSimona Kloft, dr.med.<br \/>\nGutzkowstra\u00dfe 9<br \/>\n60594 Frankfurt am Main<\/p>\n<p><strong>Streitschlichtung<\/strong><br \/>\nWir sind nicht bereit oder verpflichtet, an Streitbeilegungsverfahren vor einer Verbraucherschlichtungsstelle teilzunehmen.<\/p>\n<p><strong>Website<\/strong><br \/>\nZeichnungen: Jan Niklas Jonkhans<br \/>\nFotografie: Simona Kloft, dr.med.; Harald Kloft<br \/>\nGestaltung: Nicola Ammon,\u00a0<a class=\"link url\" href=\"http:\/\/www.gardeners.de\/\" target=\"_blank\" rel=\"noopener noreferrer\">Gardeners<\/a><\/p>\n<p><strong>Haftung f\u00fcr Inhalte<\/strong><br \/>\nAls Diensteanbieter sind wir gem\u00e4\u00df \u00a7 7 Abs.1 TMG f\u00fcr eigene Inhalte auf diesen Seiten nach den allgemeinen Gesetzen verantwortlich. Nach \u00a7\u00a7 8 bis 10 TMG sind wir als Diensteanbieter jedoch nicht verpflichtet, \u00fcbermittelte oder gespeicherte fremde Informationen zu \u00fcberwachen oder nach Umst\u00e4nden zu forschen, die auf eine rechtswidrige T\u00e4tigkeit hinweisen.<br \/>\nVerpflichtungen zur Entfernung oder Sperrung der Nutzung von Informationen nach den allgemeinen Gesetzen bleiben hiervon unber\u00fchrt. Eine diesbez\u00fcgliche Haftung ist jedoch erst ab dem Zeitpunkt der Kenntnis einer konkreten Rechtsverletzung m\u00f6glich. Bei Bekanntwerden von entsprechenden Rechtsverletzungen werden wir diese Inhalte umgehend entfernen.<\/p>\n<p><strong>Haftung f\u00fcr Links<\/strong><br \/>\nUnser Angebot enth\u00e4lt Links zu externen Websites Dritter, auf deren Inhalte wir keinen Einfluss haben. Deshalb k\u00f6nnen wir f\u00fcr diese fremden Inhalte auch keine Gew\u00e4hr \u00fcbernehmen. F\u00fcr die Inhalte der verlinkten Seiten ist stets der jeweilige Anbieter oder Betreiber der Seiten verantwortlich. Die verlinkten Seiten wurden zum Zeitpunkt der Verlinkung auf m\u00f6gliche Rechtsverst\u00f6\u00dfe \u00fcberpr\u00fcft. Rechtswidrige Inhalte waren zum Zeitpunkt der Verlinkung nicht erkennbar.<br \/>\nEine permanente inhaltliche Kontrolle der verlinkten Seiten ist jedoch ohne konkrete Anhaltspunkte einer Rechtsverletzung nicht zumutbar. Bei Bekanntwerden von Rechtsverletzungen werden wir derartige Links umgehend entfernen.<\/p>\n<p><strong>Urheberrecht<\/strong><br \/>\nDie durch die Seitenbetreiber erstellten Inhalte und Werke auf diesen Seiten unterliegen dem deutschen Urheberrecht. Die Vervielf\u00e4ltigung, Bearbeitung, Verbreitung und jede Art der Verwertung au\u00dferhalb der Grenzen des Urheberrechtes bed\u00fcrfen der schriftlichen Zustimmung des jeweiligen Autors bzw. Erstellers. Downloads und Kopien dieser Seite sind nur f\u00fcr den privaten, nicht kommerziellen Gebrauch gestattet.<br \/>\nSoweit die Inhalte auf dieser Seite nicht vom Betreiber erstellt wurden, werden die Urheberrechte Dritter beachtet. Insbesondere werden Inhalte Dritter als solche gekennzeichnet. Sollten Sie trotzdem auf eine Urheberrechtsverletzung aufmerksam werden, bitten wir um einen entsprechenden Hinweis. Bei Bekanntwerden von Rechtsverletzungen werden wir derartige Inhalte umgehend entfernen.<\/p>\n<h3>Webdesign &amp; Programmierung durch:<\/h3>\n<p><img decoding=\"async\" src=\"https:\/\/www.webdesign-doerrer.de\/wp-content\/uploads\/2025\/01\/Email-signature.svg\" alt=\"Email Signature\" width=\"260\" \/><\/p>\n<p>Webdesign Doerrer<br \/>\n<a title=\"Webdesign Doerrer\" href=\"https:\/\/www.webdesign-doerrer.de\" target=\"_blank\" rel=\"noopener\">www.webdesign-doerrer.de<\/a><\/p>\n<\/div>\n<\/div><\/section>\n\n","protected":false},"excerpt":{"rendered":"","protected":false},"author":1,"featured_media":0,"parent":0,"menu_order":0,"comment_status":"closed","ping_status":"closed","template":"","meta":{"footnotes":""},"class_list":["post-25","page","type-page","status-publish","hentry"],"yoast_head":"<!-- This site is optimized with the Yoast SEO plugin v27.4 - https:\/\/yoast.com\/product\/yoast-seo-wordpress\/ -->\n<title>Impressum - Kinderarztpraxis - Elefanten<\/title>\n<meta name=\"robots\" content=\"index, follow, max-snippet:-1, max-image-preview:large, max-video-preview:-1\" \/>\n<link rel=\"canonical\" href=\"https:\/\/www.kinderarzt-elefanten.de\/de\/impressum\/\" \/>\n<meta property=\"og:locale\" content=\"de_DE\" \/>\n<meta property=\"og:type\" content=\"article\" \/>\n<meta property=\"og:title\" content=\"Impressum - Kinderarztpraxis - Elefanten\" \/>\n<meta property=\"og:url\" content=\"https:\/\/www.kinderarzt-elefanten.de\/de\/impressum\/\" \/>\n<meta property=\"og:site_name\" content=\"Kinderarztpraxis - Elefanten\" \/>\n<meta property=\"article:modified_time\" content=\"2025-01-11T11:50:38+00:00\" \/>\n<meta property=\"og:image\" content=\"https:\/\/www.webdesign-doerrer.de\/wp-content\/uploads\/2025\/01\/Email-signature.svg\" \/>\n<meta name=\"twitter:card\" content=\"summary_large_image\" \/>\n<script type=\"application\/ld+json\" class=\"yoast-schema-graph\">{\"@context\":\"https:\\\/\\\/schema.org\",\"@graph\":[{\"@type\":\"WebPage\",\"@id\":\"https:\\\/\\\/www.kinderarzt-elefanten.de\\\/de\\\/impressum\\\/\",\"url\":\"https:\\\/\\\/www.kinderarzt-elefanten.de\\\/de\\\/impressum\\\/\",\"name\":\"Impressum - Kinderarztpraxis - Elefanten\",\"isPartOf\":{\"@id\":\"https:\\\/\\\/www.kinderarzt-elefanten.de\\\/de\\\/#website\"},\"primaryImageOfPage\":{\"@id\":\"https:\\\/\\\/www.kinderarzt-elefanten.de\\\/de\\\/impressum\\\/#primaryimage\"},\"image\":{\"@id\":\"https:\\\/\\\/www.kinderarzt-elefanten.de\\\/de\\\/impressum\\\/#primaryimage\"},\"thumbnailUrl\":\"https:\\\/\\\/www.webdesign-doerrer.de\\\/wp-content\\\/uploads\\\/2025\\\/01\\\/Email-signature.svg\",\"datePublished\":\"2019-05-20T12:37:02+00:00\",\"dateModified\":\"2025-01-11T11:50:38+00:00\",\"breadcrumb\":{\"@id\":\"https:\\\/\\\/www.kinderarzt-elefanten.de\\\/de\\\/impressum\\\/#breadcrumb\"},\"inLanguage\":\"de\",\"potentialAction\":[{\"@type\":\"ReadAction\",\"target\":[\"https:\\\/\\\/www.kinderarzt-elefanten.de\\\/de\\\/impressum\\\/\"]}]},{\"@type\":\"ImageObject\",\"inLanguage\":\"de\",\"@id\":\"https:\\\/\\\/www.kinderarzt-elefanten.de\\\/de\\\/impressum\\\/#primaryimage\",\"url\":\"https:\\\/\\\/www.webdesign-doerrer.de\\\/wp-content\\\/uploads\\\/2025\\\/01\\\/Email-signature.svg\",\"contentUrl\":\"https:\\\/\\\/www.webdesign-doerrer.de\\\/wp-content\\\/uploads\\\/2025\\\/01\\\/Email-signature.svg\"},{\"@type\":\"BreadcrumbList\",\"@id\":\"https:\\\/\\\/www.kinderarzt-elefanten.de\\\/de\\\/impressum\\\/#breadcrumb\",\"itemListElement\":[{\"@type\":\"ListItem\",\"position\":1,\"name\":\"Startseite\",\"item\":\"https:\\\/\\\/www.kinderarzt-elefanten.de\\\/de\\\/home\\\/\"},{\"@type\":\"ListItem\",\"position\":2,\"name\":\"Impressum\"}]},{\"@type\":\"WebSite\",\"@id\":\"https:\\\/\\\/www.kinderarzt-elefanten.de\\\/de\\\/#website\",\"url\":\"https:\\\/\\\/www.kinderarzt-elefanten.de\\\/de\\\/\",\"name\":\"Kinderarztpraxis - Elefanten\",\"description\":\"Kinderarztpraxis Frankfurt\",\"potentialAction\":[{\"@type\":\"SearchAction\",\"target\":{\"@type\":\"EntryPoint\",\"urlTemplate\":\"https:\\\/\\\/www.kinderarzt-elefanten.de\\\/de\\\/?s={search_term_string}\"},\"query-input\":{\"@type\":\"PropertyValueSpecification\",\"valueRequired\":true,\"valueName\":\"search_term_string\"}}],\"inLanguage\":\"de\"}]}<\/script>\n<!-- \/ Yoast SEO plugin. -->","yoast_head_json":{"title":"Impressum - Kinderarztpraxis - Elefanten","robots":{"index":"index","follow":"follow","max-snippet":"max-snippet:-1","max-image-preview":"max-image-preview:large","max-video-preview":"max-video-preview:-1"},"canonical":"https:\/\/www.kinderarzt-elefanten.de\/de\/impressum\/","og_locale":"de_DE","og_type":"article","og_title":"Impressum - Kinderarztpraxis - Elefanten","og_url":"https:\/\/www.kinderarzt-elefanten.de\/de\/impressum\/","og_site_name":"Kinderarztpraxis - Elefanten","article_modified_time":"2025-01-11T11:50:38+00:00","og_image":[{"url":"https:\/\/www.webdesign-doerrer.de\/wp-content\/uploads\/2025\/01\/Email-signature.svg","type":"","width":"","height":""}],"twitter_card":"summary_large_image","schema":{"@context":"https:\/\/schema.org","@graph":[{"@type":"WebPage","@id":"https:\/\/www.kinderarzt-elefanten.de\/de\/impressum\/","url":"https:\/\/www.kinderarzt-elefanten.de\/de\/impressum\/","name":"Impressum - Kinderarztpraxis - Elefanten","isPartOf":{"@id":"https:\/\/www.kinderarzt-elefanten.de\/de\/#website"},"primaryImageOfPage":{"@id":"https:\/\/www.kinderarzt-elefanten.de\/de\/impressum\/#primaryimage"},"image":{"@id":"https:\/\/www.kinderarzt-elefanten.de\/de\/impressum\/#primaryimage"},"thumbnailUrl":"https:\/\/www.webdesign-doerrer.de\/wp-content\/uploads\/2025\/01\/Email-signature.svg","datePublished":"2019-05-20T12:37:02+00:00","dateModified":"2025-01-11T11:50:38+00:00","breadcrumb":{"@id":"https:\/\/www.kinderarzt-elefanten.de\/de\/impressum\/#breadcrumb"},"inLanguage":"de","potentialAction":[{"@type":"ReadAction","target":["https:\/\/www.kinderarzt-elefanten.de\/de\/impressum\/"]}]},{"@type":"ImageObject","inLanguage":"de","@id":"https:\/\/www.kinderarzt-elefanten.de\/de\/impressum\/#primaryimage","url":"https:\/\/www.webdesign-doerrer.de\/wp-content\/uploads\/2025\/01\/Email-signature.svg","contentUrl":"https:\/\/www.webdesign-doerrer.de\/wp-content\/uploads\/2025\/01\/Email-signature.svg"},{"@type":"BreadcrumbList","@id":"https:\/\/www.kinderarzt-elefanten.de\/de\/impressum\/#breadcrumb","itemListElement":[{"@type":"ListItem","position":1,"name":"Startseite","item":"https:\/\/www.kinderarzt-elefanten.de\/de\/home\/"},{"@type":"ListItem","position":2,"name":"Impressum"}]},{"@type":"WebSite","@id":"https:\/\/www.kinderarzt-elefanten.de\/de\/#website","url":"https:\/\/www.kinderarzt-elefanten.de\/de\/","name":"Kinderarztpraxis - Elefanten","description":"Kinderarztpraxis Frankfurt","potentialAction":[{"@type":"SearchAction","target":{"@type":"EntryPoint","urlTemplate":"https:\/\/www.kinderarzt-elefanten.de\/de\/?s={search_term_string}"},"query-input":{"@type":"PropertyValueSpecification","valueRequired":true,"valueName":"search_term_string"}}],"inLanguage":"de"}]}},"_links":{"self":[{"href":"https:\/\/www.kinderarzt-elefanten.de\/de\/wp-json\/wp\/v2\/pages\/25","targetHints":{"allow":["GET"]}}],"collection":[{"href":"https:\/\/www.kinderarzt-elefanten.de\/de\/wp-json\/wp\/v2\/pages"}],"about":[{"href":"https:\/\/www.kinderarzt-elefanten.de\/de\/wp-json\/wp\/v2\/types\/page"}],"author":[{"embeddable":true,"href":"https:\/\/www.kinderarzt-elefanten.de\/de\/wp-json\/wp\/v2\/users\/1"}],"replies":[{"embeddable":true,"href":"https:\/\/www.kinderarzt-elefanten.de\/de\/wp-json\/wp\/v2\/comments?post=25"}],"version-history":[{"count":4,"href":"https:\/\/www.kinderarzt-elefanten.de\/de\/wp-json\/wp\/v2\/pages\/25\/revisions"}],"predecessor-version":[{"id":651,"href":"https:\/\/www.kinderarzt-elefanten.de\/de\/wp-json\/wp\/v2\/pages\/25\/revisions\/651"}],"wp:attachment":[{"href":"https:\/\/www.kinderarzt-elefanten.de\/de\/wp-json\/wp\/v2\/media?parent=25"}],"curies":[{"name":"wp","href":"https:\/\/api.w.org\/{rel}","templated":true}]}}