{"id":238,"date":"2019-06-05T08:33:54","date_gmt":"2019-06-05T06:33:54","guid":{"rendered":"http:\/\/elefanten.testserver-webdesigndoerrer.de\/?page_id=238"},"modified":"2019-06-25T13:11:54","modified_gmt":"2019-06-25T11:11:54","slug":"kinderheilkunde","status":"publish","type":"page","link":"https:\/\/www.kinderarzt-elefanten.de\/de\/kinderheilkunde\/","title":{"rendered":"Kinderheilkunde"},"content":{"rendered":"\n<style type=\"text\/css\" data-created_by=\"avia_inline_auto\" id=\"style-css-av-jvxmapao-499bb4280728f289cafffaff9882ba19\">\n.avia-section.av-jvxmapao-499bb4280728f289cafffaff9882ba19{\nbackground-repeat:no-repeat;\nbackground-image:url(https:\/\/www.kinderarzt-elefanten.de\/wp-content\/uploads\/2019\/06\/Bild-10.06.19-um-21.35-1.jpg);\nbackground-position:50% 50%;\nbackground-attachment:scroll;\n}\n<\/style>\n<div id='av_section_1'  class='avia-section av-jvxmapao-499bb4280728f289cafffaff9882ba19 main_color avia-section-default avia-no-border-styling  avia-builder-el-0  el_before_av_section  avia-builder-el-first  avia-full-stretch avia-bg-style-scroll av-minimum-height av-minimum-height-40 av-height-percent  container_wrap fullsize'  data-section-bg-repeat='stretch' data-av_minimum_height_pc='40' data-av_min_height_opt='percent'><div class='container av-section-cont-open' ><main  role=\"main\" itemprop=\"mainContentOfPage\"  class='template-page content  av-content-full alpha units'><div class='post-entry post-entry-type-page post-entry-238'><div class='entry-content-wrapper clearfix'>\n<\/div><\/div><\/main><!-- close content main element --><\/div><\/div><div id='av_section_2'  class='avia-section av-aggei-3cedf06655cba143de07a43754a2374d main_color avia-section-large avia-no-border-styling  avia-builder-el-1  el_after_av_section  avia-builder-el-last  avia-bg-style-scroll container_wrap fullsize'  ><div class='container av-section-cont-open' ><div class='template-page content  av-content-full alpha units'><div class='post-entry post-entry-type-page post-entry-238'><div class='entry-content-wrapper clearfix'>\n\n<style type=\"text\/css\" data-created_by=\"avia_inline_auto\" id=\"style-css-av-9psoi-bf7b9240f8f124b27b700724e08a756e\">\n.flex_column.av-9psoi-bf7b9240f8f124b27b700724e08a756e{\nborder-radius:0px 0px 0px 0px;\npadding:0px 0px 0px 0px;\n}\n<\/style>\n<div  class='flex_column av-9psoi-bf7b9240f8f124b27b700724e08a756e av_one_full  avia-builder-el-2  el_before_av_one_half  avia-builder-el-first  first flex_column_div av-zero-column-padding  '     ><p>\n<style type=\"text\/css\" data-created_by=\"avia_inline_auto\" id=\"style-css-av-av_heading-a9aadfd1883567b847f174248374afea\">\n#top .av-special-heading.av-av_heading-a9aadfd1883567b847f174248374afea{\npadding-bottom:10px;\n}\nbody .av-special-heading.av-av_heading-a9aadfd1883567b847f174248374afea .av-special-heading-tag .heading-char{\nfont-size:25px;\n}\n.av-special-heading.av-av_heading-a9aadfd1883567b847f174248374afea .av-subheading{\nfont-size:15px;\n}\n<\/style>\n<div  class='av-special-heading av-av_heading-a9aadfd1883567b847f174248374afea av-special-heading-h1 blockquote modern-quote  avia-builder-el-3  el_before_av_textblock  avia-builder-el-first '><h1 class='av-special-heading-tag '  itemprop=\"headline\"  >Kinderheilkunde<\/h1><div class=\"special-heading-border\"><div class=\"special-heading-inner-border\"><\/div><\/div><\/div><br \/>\n<section  class='av_textblock_section av-jw7mr9gz-5a53ae3651bbd0ee6576418901894e5e '   itemscope=\"itemscope\" itemtype=\"https:\/\/schema.org\/CreativeWork\" ><div class='avia_textblock'  itemprop=\"text\" ><p>Wir bem\u00fchen uns, Ihre Kinder und Jugendlichen bestm\u00f6glich zu versorgen. Hierf\u00fcr bieten wir Ihnen eine zeitgem\u00e4\u00dfe Behandlung w\u00e4hrend der gesamten Entwicklung vom S\u00e4ugling bis zum Erwachsenwerden. Dazu geh\u00f6ren alle sinnvollen, vorbeugenden Ma\u00dfnahmen und vor allem eine ganzheitliche Betrachtung. Regelm\u00e4\u00dfige Vorsorgeuntersuchungen, Impfungen und Gespr\u00e4che erm\u00f6glichen es, einen gro\u00dfen Teil chronischer Krankheiten zu verhindern- oder zumindest rechtzeitig zu behandeln.<\/p>\n<p>Wir nehmen uns daf\u00fcr Zeit!<\/p>\n<\/div><\/section><br \/>\n\n<style type=\"text\/css\" data-created_by=\"avia_inline_auto\" id=\"style-css-av-av_heading-e9c3f3d0b1a2a6f4d718098eab52d0bc\">\n#top .av-special-heading.av-av_heading-e9c3f3d0b1a2a6f4d718098eab52d0bc{\npadding-bottom:40px;\n}\nbody .av-special-heading.av-av_heading-e9c3f3d0b1a2a6f4d718098eab52d0bc .av-special-heading-tag .heading-char{\nfont-size:25px;\n}\n.av-special-heading.av-av_heading-e9c3f3d0b1a2a6f4d718098eab52d0bc .av-subheading{\nfont-size:15px;\n}\n<\/style>\n<div  class='av-special-heading av-av_heading-e9c3f3d0b1a2a6f4d718098eab52d0bc av-special-heading-h2  avia-builder-el-5  el_after_av_textblock  avia-builder-el-last '><h2 class='av-special-heading-tag '  itemprop=\"headline\"  >Leistungen<\/h2><div class=\"special-heading-border\"><div class=\"special-heading-inner-border\"><\/div><\/div><\/div><\/p><\/div><div class='flex_column_table av-97p26-d1eb80cbac185f88791deeea0f037ff2 sc-av_one_half av-equal-height-column-flextable'>\n<style type=\"text\/css\" data-created_by=\"avia_inline_auto\" id=\"style-css-av-97p26-d1eb80cbac185f88791deeea0f037ff2\">\n.flex_column.av-97p26-d1eb80cbac185f88791deeea0f037ff2{\nborder-radius:0px 0px 0px 0px;\npadding:0px 0px 0px 0px;\n}\n<\/style>\n<div  class='flex_column av-97p26-d1eb80cbac185f88791deeea0f037ff2 av_one_half  avia-builder-el-6  el_after_av_one_full  el_before_av_one_half  first flex_column_table_cell av-equal-height-column av-align-top av-zero-column-padding  column-top-margin'     ><style type=\"text\/css\" data-created_by=\"avia_inline_auto\" id=\"style-css-av-jw7mtoad-84a98e934066f4be29423dd168c08a13\">\n#top .avia-icon-list-container.av-jw7mtoad-84a98e934066f4be29423dd168c08a13 .iconlist_icon{\ncolor:#ffffff;\nbackground-color:#00a8ca;\n}\n#top .avia-icon-list-container.av-jw7mtoad-84a98e934066f4be29423dd168c08a13 .iconlist_icon svg:first-child{\nstroke:#ffffff;\nfill:#ffffff;\n}\n#top #wrap_all .avia-icon-list-container.av-jw7mtoad-84a98e934066f4be29423dd168c08a13 .av_iconlist_title{\ncolor:#00a8ca;\n}\n<\/style>\n<div  class='avia-icon-list-container av-jw7mtoad-84a98e934066f4be29423dd168c08a13  avia-builder-el-7  avia-builder-el-no-sibling '><ul class='avia-icon-list avia_animate_when_almost_visible avia-icon-list-left av-iconlist-small av-jw7mtoad-84a98e934066f4be29423dd168c08a13'>\n<li><div class='iconlist_icon av-av_iconlist_item-7bc4dac0bddf3429182c2bd0b4a6a302 avia-font-entypo-fontello avia-iconfont avia-font-entypo-fontello'><span class='av-icon-char' data-av_icon='\ue812' data-av_iconfont='entypo-fontello' aria-hidden=\"true\"><\/span><\/div><article class=\"article-icon-entry av-iconlist-empty\"  itemscope=\"itemscope\" itemtype=\"https:\/\/schema.org\/CreativeWork\" ><div class=\"iconlist_content_wrap\"><header class=\"entry-content-header\" aria-label=\"Icon: Behandlung akuter und chronischer Krankheiten\"><div class='av_iconlist_title iconlist_title_small  av_inherit_color'  itemprop=\"headline\" >Behandlung akuter und chronischer Krankheiten<\/div><\/header><div class='iconlist_content '  itemprop=\"text\" ><\/div><\/div><footer class=\"entry-footer\"><\/footer><\/article><div class=\"iconlist-timeline\"><\/div><\/li>\n<li><div class='iconlist_icon av-av_iconlist_item-f1d256da4d9729b1da484894a0976c92 avia-font-entypo-fontello avia-iconfont avia-font-entypo-fontello'><span class='av-icon-char' data-av_icon='\ue812' data-av_iconfont='entypo-fontello' aria-hidden=\"true\"><\/span><\/div><article class=\"article-icon-entry av-iconlist-empty\"  itemscope=\"itemscope\" itemtype=\"https:\/\/schema.org\/CreativeWork\" ><div class=\"iconlist_content_wrap\"><header class=\"entry-content-header\" aria-label=\"Icon: Kindervorsorgeuntersuchungen (U2-U11)\"><div class='av_iconlist_title iconlist_title_small  av_inherit_color'  itemprop=\"headline\" >Kindervorsorgeuntersuchungen (U2-U11)<\/div><\/header><div class='iconlist_content '  itemprop=\"text\" ><\/div><\/div><footer class=\"entry-footer\"><\/footer><\/article><div class=\"iconlist-timeline\"><\/div><\/li>\n<li><div class='iconlist_icon av-av_iconlist_item-2711326b1e39038d25557ce94edd7b5c avia-font-entypo-fontello avia-iconfont avia-font-entypo-fontello'><span class='av-icon-char' data-av_icon='\ue812' data-av_iconfont='entypo-fontello' aria-hidden=\"true\"><\/span><\/div><article class=\"article-icon-entry av-iconlist-empty\"  itemscope=\"itemscope\" itemtype=\"https:\/\/schema.org\/CreativeWork\" ><div class=\"iconlist_content_wrap\"><header class=\"entry-content-header\" aria-label=\"Icon: Impfberatung und Impfungen\"><div class='av_iconlist_title iconlist_title_small  av_inherit_color'  itemprop=\"headline\" >Impfberatung und Impfungen<\/div><\/header><div class='iconlist_content '  itemprop=\"text\" ><\/div><\/div><footer class=\"entry-footer\"><\/footer><\/article><div class=\"iconlist-timeline\"><\/div><\/li>\n<li><div class='iconlist_icon av-av_iconlist_item-ed4fcb1986701c85acf9bd403be6fede avia-font-entypo-fontello avia-iconfont avia-font-entypo-fontello'><span class='av-icon-char' data-av_icon='\ue812' data-av_iconfont='entypo-fontello' aria-hidden=\"true\"><\/span><\/div><article class=\"article-icon-entry av-iconlist-empty\"  itemscope=\"itemscope\" itemtype=\"https:\/\/schema.org\/CreativeWork\" ><div class=\"iconlist_content_wrap\"><header class=\"entry-content-header\" aria-label=\"Icon: Ern\u00e4hrungs- und Stillberatung\"><div class='av_iconlist_title iconlist_title_small  av_inherit_color'  itemprop=\"headline\" >Ern\u00e4hrungs- und Stillberatung<\/div><\/header><div class='iconlist_content '  itemprop=\"text\" ><\/div><\/div><footer class=\"entry-footer\"><\/footer><\/article><div class=\"iconlist-timeline\"><\/div><\/li>\n<li><div class='iconlist_icon av-av_iconlist_item-da93397d7b3358d8a2b24dd6efcd945d avia-font-entypo-fontello avia-iconfont avia-font-entypo-fontello'><span class='av-icon-char' data-av_icon='\ue812' data-av_iconfont='entypo-fontello' aria-hidden=\"true\"><\/span><\/div><article class=\"article-icon-entry av-iconlist-empty\"  itemscope=\"itemscope\" itemtype=\"https:\/\/schema.org\/CreativeWork\" ><div class=\"iconlist_content_wrap\"><header class=\"entry-content-header\" aria-label=\"Icon: Schlafberatung\"><div class='av_iconlist_title iconlist_title_small  av_inherit_color'  itemprop=\"headline\" >Schlafberatung<\/div><\/header><div class='iconlist_content '  itemprop=\"text\" ><\/div><\/div><footer class=\"entry-footer\"><\/footer><\/article><div class=\"iconlist-timeline\"><\/div><\/li>\n<li><div class='iconlist_icon av-av_iconlist_item-3803dc4ea8e69962e9b2c4f32cdb9a4a avia-font-entypo-fontello avia-iconfont avia-font-entypo-fontello'><span class='av-icon-char' data-av_icon='\ue812' data-av_iconfont='entypo-fontello' aria-hidden=\"true\"><\/span><\/div><article class=\"article-icon-entry av-iconlist-empty\"  itemscope=\"itemscope\" itemtype=\"https:\/\/schema.org\/CreativeWork\" ><div class=\"iconlist_content_wrap\"><header class=\"entry-content-header\" aria-label=\"Icon: Seh- und H\u00f6rtestungen\"><div class='av_iconlist_title iconlist_title_small  av_inherit_color'  itemprop=\"headline\" >Seh- und H\u00f6rtestungen<\/div><\/header><div class='iconlist_content '  itemprop=\"text\" ><\/div><\/div><footer class=\"entry-footer\"><\/footer><\/article><div class=\"iconlist-timeline\"><\/div><\/li>\n<\/ul><\/div><\/div><div class='av-flex-placeholder'><\/div>\n<style type=\"text\/css\" data-created_by=\"avia_inline_auto\" id=\"style-css-av-97p26-498897698f1f758777f3cb50aa14a09e\">\n.flex_column.av-97p26-498897698f1f758777f3cb50aa14a09e{\nborder-radius:0px 0px 0px 0px;\npadding:0px 0px 0px 0px;\n}\n<\/style>\n<div  class='flex_column av-97p26-498897698f1f758777f3cb50aa14a09e av_one_half  avia-builder-el-8  el_after_av_one_half  avia-builder-el-last  flex_column_table_cell av-equal-height-column av-align-top av-zero-column-padding  column-top-margin'     ><style type=\"text\/css\" data-created_by=\"avia_inline_auto\" id=\"style-css-av-jw7mtoad-0e5163ac78ba409a79ce2b37461fbafd\">\n#top .avia-icon-list-container.av-jw7mtoad-0e5163ac78ba409a79ce2b37461fbafd .iconlist_icon{\ncolor:#ffffff;\nbackground-color:#00a8ca;\n}\n#top .avia-icon-list-container.av-jw7mtoad-0e5163ac78ba409a79ce2b37461fbafd .iconlist_icon svg:first-child{\nstroke:#ffffff;\nfill:#ffffff;\n}\n#top #wrap_all .avia-icon-list-container.av-jw7mtoad-0e5163ac78ba409a79ce2b37461fbafd .av_iconlist_title{\ncolor:#00a8ca;\n}\n.avia-icon-list-container.av-jw7mtoad-0e5163ac78ba409a79ce2b37461fbafd .iconlist_content{\ncolor:#ffffff;\n}\n<\/style>\n<div  class='avia-icon-list-container av-jw7mtoad-0e5163ac78ba409a79ce2b37461fbafd  avia-builder-el-9  avia-builder-el-no-sibling '><ul class='avia-icon-list avia_animate_when_almost_visible avia-icon-list-left av-iconlist-small av-jw7mtoad-0e5163ac78ba409a79ce2b37461fbafd'>\n<li><div class='iconlist_icon av-av_iconlist_item-3500bd42711bcf874b1ee777849cb1f4 avia-font-entypo-fontello avia-iconfont avia-font-entypo-fontello'><span class='av-icon-char' data-av_icon='\ue812' data-av_iconfont='entypo-fontello' aria-hidden=\"true\"><\/span><\/div><article class=\"article-icon-entry av-iconlist-empty\"  itemscope=\"itemscope\" itemtype=\"https:\/\/schema.org\/CreativeWork\" ><div class=\"iconlist_content_wrap\"><header class=\"entry-content-header\" aria-label=\"Icon: Pulsoxymetrie\"><div class='av_iconlist_title iconlist_title_small  av_inherit_color'  itemprop=\"headline\" >Pulsoxymetrie<\/div><\/header><div class='iconlist_content av_inherit_color'  itemprop=\"text\" ><\/div><\/div><footer class=\"entry-footer\"><\/footer><\/article><div class=\"iconlist-timeline\"><\/div><\/li>\n<li><div class='iconlist_icon av-av_iconlist_item-f69ef699b88cd1d95e9ece8687715a57 avia-font-entypo-fontello avia-iconfont avia-font-entypo-fontello'><span class='av-icon-char' data-av_icon='\ue812' data-av_iconfont='entypo-fontello' aria-hidden=\"true\"><\/span><\/div><article class=\"article-icon-entry av-iconlist-empty\"  itemscope=\"itemscope\" itemtype=\"https:\/\/schema.org\/CreativeWork\" ><div class=\"iconlist_content_wrap\"><header class=\"entry-content-header\" aria-label=\"Icon: Diagnostik von Entwicklungs- und Sprachst\u00f6rungen\"><div class='av_iconlist_title iconlist_title_small  av_inherit_color'  itemprop=\"headline\" >Diagnostik von Entwicklungs- und Sprachst\u00f6rungen<\/div><\/header><div class='iconlist_content av_inherit_color'  itemprop=\"text\" ><\/div><\/div><footer class=\"entry-footer\"><\/footer><\/article><div class=\"iconlist-timeline\"><\/div><\/li>\n<li><div class='iconlist_icon av-av_iconlist_item-114959e729b19fe8eb22d359907def13 avia-font-entypo-fontello avia-iconfont avia-font-entypo-fontello'><span class='av-icon-char' data-av_icon='\ue812' data-av_iconfont='entypo-fontello' aria-hidden=\"true\"><\/span><\/div><article class=\"article-icon-entry av-iconlist-empty\"  itemscope=\"itemscope\" itemtype=\"https:\/\/schema.org\/CreativeWork\" ><div class=\"iconlist_content_wrap\"><header class=\"entry-content-header\" aria-label=\"Icon: Allergiediagnostik ( Prick, RAST etc.)\"><div class='av_iconlist_title iconlist_title_small  av_inherit_color'  itemprop=\"headline\" >Allergiediagnostik ( Prick, RAST etc.)<\/div><\/header><div class='iconlist_content av_inherit_color'  itemprop=\"text\" ><\/div><\/div><footer class=\"entry-footer\"><\/footer><\/article><div class=\"iconlist-timeline\"><\/div><\/li>\n<li><div class='iconlist_icon av-av_iconlist_item-17603437135639e404372c9d17b87cb4 avia-font-entypo-fontello avia-iconfont avia-font-entypo-fontello'><span class='av-icon-char' data-av_icon='\ue812' data-av_iconfont='entypo-fontello' aria-hidden=\"true\"><\/span><\/div><article class=\"article-icon-entry av-iconlist-empty\"  itemscope=\"itemscope\" itemtype=\"https:\/\/schema.org\/CreativeWork\" ><div class=\"iconlist_content_wrap\"><header class=\"entry-content-header\" aria-label=\"Icon: Reisemedizinische Beratung\"><div class='av_iconlist_title iconlist_title_small  av_inherit_color'  itemprop=\"headline\" >Reisemedizinische Beratung<\/div><\/header><div class='iconlist_content av_inherit_color'  itemprop=\"text\" ><\/div><\/div><footer class=\"entry-footer\"><\/footer><\/article><div class=\"iconlist-timeline\"><\/div><\/li>\n<li><div class='iconlist_icon av-av_iconlist_item-56f9daa975e17eca14ad7423b65342ca avia-font-entypo-fontello avia-iconfont avia-font-entypo-fontello'><span class='av-icon-char' data-av_icon='\ue812' data-av_iconfont='entypo-fontello' aria-hidden=\"true\"><\/span><\/div><article class=\"article-icon-entry av-iconlist-empty\"  itemscope=\"itemscope\" itemtype=\"https:\/\/schema.org\/CreativeWork\" ><div class=\"iconlist_content_wrap\"><header class=\"entry-content-header\" aria-label=\"Icon: Laboruntersuchungen in der Praxis (CRP, Streptokokkenschnelltest A, Urinstix)\"><div class='av_iconlist_title iconlist_title_small  av_inherit_color'  itemprop=\"headline\" >Laboruntersuchungen in der Praxis (CRP, Streptokokkenschnelltest A, Urinstix)<\/div><\/header><div class='iconlist_content av_inherit_color'  itemprop=\"text\" ><\/div><\/div><footer class=\"entry-footer\"><\/footer><\/article><div class=\"iconlist-timeline\"><\/div><\/li>\n<li><div class='iconlist_icon av-av_iconlist_item-115ac79fffb1a7b447798a5ac19a41f3 avia-font-entypo-fontello avia-iconfont avia-font-entypo-fontello'><span class='av-icon-char' data-av_icon='\ue812' data-av_iconfont='entypo-fontello' aria-hidden=\"true\"><\/span><\/div><article class=\"article-icon-entry av-iconlist-empty\"  itemscope=\"itemscope\" itemtype=\"https:\/\/schema.org\/CreativeWork\" ><div class=\"iconlist_content_wrap\"><header class=\"entry-content-header\" aria-label=\"Icon: Kleine Wundversorgung und Verb\u00e4nde\"><div class='av_iconlist_title iconlist_title_small  av_inherit_color'  itemprop=\"headline\" >Kleine Wundversorgung und Verb\u00e4nde<\/div><\/header><div class='iconlist_content av_inherit_color'  itemprop=\"text\" ><\/div><\/div><footer class=\"entry-footer\"><\/footer><\/article><div class=\"iconlist-timeline\"><\/div><\/li>\n<li><div class='iconlist_icon av-av_iconlist_item-33efa1d46ea7e12a59e32723e6f347e2 avia-font-entypo-fontello avia-iconfont avia-font-entypo-fontello'><span class='av-icon-char' data-av_icon='\ue812' data-av_iconfont='entypo-fontello' aria-hidden=\"true\"><\/span><\/div><article class=\"article-icon-entry av-iconlist-empty\"  itemscope=\"itemscope\" itemtype=\"https:\/\/schema.org\/CreativeWork\" ><div class=\"iconlist_content_wrap\"><header class=\"entry-content-header\" aria-label=\"Icon: Atteste (Sport, Reise, Operationen, Kita, Kindergarten, Allergien)\"><div class='av_iconlist_title iconlist_title_small  av_inherit_color'  itemprop=\"headline\" >Atteste (Sport, Reise, Operationen, Kita, Kindergarten, Allergien)<\/div><\/header><div class='iconlist_content av_inherit_color'  itemprop=\"text\" ><\/div><\/div><footer class=\"entry-footer\"><\/footer><\/article><div class=\"iconlist-timeline\"><\/div><\/li>\n<\/ul><\/div><\/div><\/div><!--close column table wrapper. Autoclose: 1 -->\n","protected":false},"excerpt":{"rendered":"","protected":false},"author":1,"featured_media":0,"parent":0,"menu_order":0,"comment_status":"closed","ping_status":"closed","template":"","meta":{"footnotes":""},"class_list":["post-238","page","type-page","status-publish","hentry"],"yoast_head":"<!-- This site is optimized with the Yoast SEO plugin v27.4 - https:\/\/yoast.com\/product\/yoast-seo-wordpress\/ -->\n<title>Kinderheilkunde - Kinderarztpraxis - Elefanten<\/title>\n<meta name=\"robots\" content=\"index, follow, max-snippet:-1, max-image-preview:large, max-video-preview:-1\" \/>\n<link rel=\"canonical\" href=\"https:\/\/www.kinderarzt-elefanten.de\/de\/kinderheilkunde\/\" \/>\n<meta property=\"og:locale\" content=\"de_DE\" \/>\n<meta property=\"og:type\" content=\"article\" \/>\n<meta property=\"og:title\" content=\"Kinderheilkunde - Kinderarztpraxis - Elefanten\" \/>\n<meta property=\"og:url\" content=\"https:\/\/www.kinderarzt-elefanten.de\/de\/kinderheilkunde\/\" \/>\n<meta property=\"og:site_name\" content=\"Kinderarztpraxis - Elefanten\" \/>\n<meta property=\"article:modified_time\" content=\"2019-06-25T11:11:54+00:00\" \/>\n<meta name=\"twitter:card\" content=\"summary_large_image\" \/>\n<meta name=\"twitter:label1\" content=\"Gesch\u00e4tzte Lesezeit\" \/>\n\t<meta name=\"twitter:data1\" content=\"6\u00a0Minuten\" \/>\n<script type=\"application\/ld+json\" class=\"yoast-schema-graph\">{\"@context\":\"https:\\\/\\\/schema.org\",\"@graph\":[{\"@type\":\"WebPage\",\"@id\":\"https:\\\/\\\/www.kinderarzt-elefanten.de\\\/de\\\/kinderheilkunde\\\/\",\"url\":\"https:\\\/\\\/www.kinderarzt-elefanten.de\\\/de\\\/kinderheilkunde\\\/\",\"name\":\"Kinderheilkunde - Kinderarztpraxis - Elefanten\",\"isPartOf\":{\"@id\":\"https:\\\/\\\/www.kinderarzt-elefanten.de\\\/de\\\/#website\"},\"datePublished\":\"2019-06-05T06:33:54+00:00\",\"dateModified\":\"2019-06-25T11:11:54+00:00\",\"breadcrumb\":{\"@id\":\"https:\\\/\\\/www.kinderarzt-elefanten.de\\\/de\\\/kinderheilkunde\\\/#breadcrumb\"},\"inLanguage\":\"de\",\"potentialAction\":[{\"@type\":\"ReadAction\",\"target\":[\"https:\\\/\\\/www.kinderarzt-elefanten.de\\\/de\\\/kinderheilkunde\\\/\"]}]},{\"@type\":\"BreadcrumbList\",\"@id\":\"https:\\\/\\\/www.kinderarzt-elefanten.de\\\/de\\\/kinderheilkunde\\\/#breadcrumb\",\"itemListElement\":[{\"@type\":\"ListItem\",\"position\":1,\"name\":\"Startseite\",\"item\":\"https:\\\/\\\/www.kinderarzt-elefanten.de\\\/de\\\/home\\\/\"},{\"@type\":\"ListItem\",\"position\":2,\"name\":\"Kinderheilkunde\"}]},{\"@type\":\"WebSite\",\"@id\":\"https:\\\/\\\/www.kinderarzt-elefanten.de\\\/de\\\/#website\",\"url\":\"https:\\\/\\\/www.kinderarzt-elefanten.de\\\/de\\\/\",\"name\":\"Kinderarztpraxis - Elefanten\",\"description\":\"Kinderarztpraxis Frankfurt\",\"potentialAction\":[{\"@type\":\"SearchAction\",\"target\":{\"@type\":\"EntryPoint\",\"urlTemplate\":\"https:\\\/\\\/www.kinderarzt-elefanten.de\\\/de\\\/?s={search_term_string}\"},\"query-input\":{\"@type\":\"PropertyValueSpecification\",\"valueRequired\":true,\"valueName\":\"search_term_string\"}}],\"inLanguage\":\"de\"}]}<\/script>\n<!-- \/ Yoast SEO plugin. -->","yoast_head_json":{"title":"Kinderheilkunde - Kinderarztpraxis - Elefanten","robots":{"index":"index","follow":"follow","max-snippet":"max-snippet:-1","max-image-preview":"max-image-preview:large","max-video-preview":"max-video-preview:-1"},"canonical":"https:\/\/www.kinderarzt-elefanten.de\/de\/kinderheilkunde\/","og_locale":"de_DE","og_type":"article","og_title":"Kinderheilkunde - Kinderarztpraxis - Elefanten","og_url":"https:\/\/www.kinderarzt-elefanten.de\/de\/kinderheilkunde\/","og_site_name":"Kinderarztpraxis - Elefanten","article_modified_time":"2019-06-25T11:11:54+00:00","twitter_card":"summary_large_image","twitter_misc":{"Gesch\u00e4tzte Lesezeit":"6\u00a0Minuten"},"schema":{"@context":"https:\/\/schema.org","@graph":[{"@type":"WebPage","@id":"https:\/\/www.kinderarzt-elefanten.de\/de\/kinderheilkunde\/","url":"https:\/\/www.kinderarzt-elefanten.de\/de\/kinderheilkunde\/","name":"Kinderheilkunde - Kinderarztpraxis - Elefanten","isPartOf":{"@id":"https:\/\/www.kinderarzt-elefanten.de\/de\/#website"},"datePublished":"2019-06-05T06:33:54+00:00","dateModified":"2019-06-25T11:11:54+00:00","breadcrumb":{"@id":"https:\/\/www.kinderarzt-elefanten.de\/de\/kinderheilkunde\/#breadcrumb"},"inLanguage":"de","potentialAction":[{"@type":"ReadAction","target":["https:\/\/www.kinderarzt-elefanten.de\/de\/kinderheilkunde\/"]}]},{"@type":"BreadcrumbList","@id":"https:\/\/www.kinderarzt-elefanten.de\/de\/kinderheilkunde\/#breadcrumb","itemListElement":[{"@type":"ListItem","position":1,"name":"Startseite","item":"https:\/\/www.kinderarzt-elefanten.de\/de\/home\/"},{"@type":"ListItem","position":2,"name":"Kinderheilkunde"}]},{"@type":"WebSite","@id":"https:\/\/www.kinderarzt-elefanten.de\/de\/#website","url":"https:\/\/www.kinderarzt-elefanten.de\/de\/","name":"Kinderarztpraxis - Elefanten","description":"Kinderarztpraxis Frankfurt","potentialAction":[{"@type":"SearchAction","target":{"@type":"EntryPoint","urlTemplate":"https:\/\/www.kinderarzt-elefanten.de\/de\/?s={search_term_string}"},"query-input":{"@type":"PropertyValueSpecification","valueRequired":true,"valueName":"search_term_string"}}],"inLanguage":"de"}]}},"_links":{"self":[{"href":"https:\/\/www.kinderarzt-elefanten.de\/de\/wp-json\/wp\/v2\/pages\/238","targetHints":{"allow":["GET"]}}],"collection":[{"href":"https:\/\/www.kinderarzt-elefanten.de\/de\/wp-json\/wp\/v2\/pages"}],"about":[{"href":"https:\/\/www.kinderarzt-elefanten.de\/de\/wp-json\/wp\/v2\/types\/page"}],"author":[{"embeddable":true,"href":"https:\/\/www.kinderarzt-elefanten.de\/de\/wp-json\/wp\/v2\/users\/1"}],"replies":[{"embeddable":true,"href":"https:\/\/www.kinderarzt-elefanten.de\/de\/wp-json\/wp\/v2\/comments?post=238"}],"version-history":[{"count":1,"href":"https:\/\/www.kinderarzt-elefanten.de\/de\/wp-json\/wp\/v2\/pages\/238\/revisions"}],"predecessor-version":[{"id":416,"href":"https:\/\/www.kinderarzt-elefanten.de\/de\/wp-json\/wp\/v2\/pages\/238\/revisions\/416"}],"wp:attachment":[{"href":"https:\/\/www.kinderarzt-elefanten.de\/de\/wp-json\/wp\/v2\/media?parent=238"}],"curies":[{"name":"wp","href":"https:\/\/api.w.org\/{rel}","templated":true}]}}