{"id":236,"date":"2019-06-05T08:33:40","date_gmt":"2019-06-05T06:33:40","guid":{"rendered":"http:\/\/elefanten.testserver-webdesigndoerrer.de\/?page_id=236"},"modified":"2019-06-28T11:48:34","modified_gmt":"2019-06-28T09:48:34","slug":"jugendmedizin","status":"publish","type":"page","link":"https:\/\/www.kinderarzt-elefanten.de\/de\/jugendmedizin\/","title":{"rendered":"Jugendmedizin"},"content":{"rendered":"\n<style type=\"text\/css\" data-created_by=\"avia_inline_auto\" id=\"style-css-av-jvxmapao-ced78dd3526507655f7ed4ba6e371008\">\n.avia-section.av-jvxmapao-ced78dd3526507655f7ed4ba6e371008{\nbackground-repeat:no-repeat;\nbackground-image:url(https:\/\/www.kinderarzt-elefanten.de\/wp-content\/uploads\/2019\/06\/Jugendmedizin_Header2.jpg);\nbackground-position:50% 50%;\nbackground-attachment:scroll;\n}\n<\/style>\n<div id='av_section_1'  class='avia-section av-jvxmapao-ced78dd3526507655f7ed4ba6e371008 main_color avia-section-default avia-no-border-styling  avia-builder-el-0  el_before_av_section  avia-builder-el-first  avia-full-stretch avia-bg-style-scroll av-minimum-height av-minimum-height-40 av-height-percent  container_wrap fullsize'  data-section-bg-repeat='stretch' data-av_minimum_height_pc='40' data-av_min_height_opt='percent'><div class='container av-section-cont-open' ><main  role=\"main\" itemprop=\"mainContentOfPage\"  class='template-page content  av-content-full alpha units'><div class='post-entry post-entry-type-page post-entry-236'><div class='entry-content-wrapper clearfix'>\n<\/div><\/div><\/main><!-- close content main element --><\/div><\/div><div id='av_section_2'  class='avia-section av-aggei-3cedf06655cba143de07a43754a2374d main_color avia-section-large avia-no-border-styling  avia-builder-el-1  el_after_av_section  avia-builder-el-last  avia-bg-style-scroll container_wrap fullsize'  ><div class='container av-section-cont-open' ><div class='template-page content  av-content-full alpha units'><div class='post-entry post-entry-type-page post-entry-236'><div class='entry-content-wrapper clearfix'>\n\n<style type=\"text\/css\" data-created_by=\"avia_inline_auto\" id=\"style-css-av-9psoi-bf7b9240f8f124b27b700724e08a756e\">\n.flex_column.av-9psoi-bf7b9240f8f124b27b700724e08a756e{\nborder-radius:0px 0px 0px 0px;\npadding:0px 0px 0px 0px;\n}\n<\/style>\n<div  class='flex_column av-9psoi-bf7b9240f8f124b27b700724e08a756e av_one_full  avia-builder-el-2  el_before_av_one_half  avia-builder-el-first  first flex_column_div av-zero-column-padding  '     ><section  class='av_textblock_section av-jw7mr9gz-5a53ae3651bbd0ee6576418901894e5e '   itemscope=\"itemscope\" itemtype=\"https:\/\/schema.org\/CreativeWork\" ><div class='avia_textblock'  itemprop=\"text\" ><h1>Jugendalter, Adoleszenz &#8211; was ist gemeint?<\/h1>\n<p>Jugendalter ist ein Lebensabschnitt, der mit dem 10. Geburtstag beginnt und mit dem 20. Geburtstag endet. Die Zeit ist reich an biologischen und psychosozialen Ver\u00e4nderungen, die sich bei M\u00e4dchen und Jungen unterschiedlich auf die pers\u00f6nliche Entwicklung auswirken.<\/p>\n<p>Ich biete Dir eine M\u00f6glichkeit, offen mit mir \u00fcber Deinen K\u00f6rper, Deine Gedanken, Sexualit\u00e4t, konische Krankheiten, Behinderung und Pr\u00e4vention zu sprechen. Du kannst gerne alleine, mit Deinen Eltern oder auch einem Freund \/ einer Freundin kommen. Unsere Gespr\u00e4che sind vertraulich und bleiben unter der \u00e4rztlichen Schweigepflicht.<\/p>\n<\/div><\/section><br \/>\n\n<style type=\"text\/css\" data-created_by=\"avia_inline_auto\" id=\"style-css-av-av_heading-e9c3f3d0b1a2a6f4d718098eab52d0bc\">\n#top .av-special-heading.av-av_heading-e9c3f3d0b1a2a6f4d718098eab52d0bc{\npadding-bottom:40px;\n}\nbody .av-special-heading.av-av_heading-e9c3f3d0b1a2a6f4d718098eab52d0bc .av-special-heading-tag .heading-char{\nfont-size:25px;\n}\n.av-special-heading.av-av_heading-e9c3f3d0b1a2a6f4d718098eab52d0bc .av-subheading{\nfont-size:15px;\n}\n<\/style>\n<div  class='av-special-heading av-av_heading-e9c3f3d0b1a2a6f4d718098eab52d0bc av-special-heading-h2  avia-builder-el-4  el_after_av_textblock  avia-builder-el-last '><h2 class='av-special-heading-tag '  itemprop=\"headline\"  >Leistungen<\/h2><div class=\"special-heading-border\"><div class=\"special-heading-inner-border\"><\/div><\/div><\/div><\/p><\/div><div class='flex_column_table av-97p26-d1eb80cbac185f88791deeea0f037ff2 sc-av_one_half av-equal-height-column-flextable'>\n<style type=\"text\/css\" data-created_by=\"avia_inline_auto\" id=\"style-css-av-97p26-d1eb80cbac185f88791deeea0f037ff2\">\n.flex_column.av-97p26-d1eb80cbac185f88791deeea0f037ff2{\nborder-radius:0px 0px 0px 0px;\npadding:0px 0px 0px 0px;\n}\n<\/style>\n<div  class='flex_column av-97p26-d1eb80cbac185f88791deeea0f037ff2 av_one_half  avia-builder-el-5  el_after_av_one_full  el_before_av_one_half  first flex_column_table_cell av-equal-height-column av-align-top av-zero-column-padding  column-top-margin'     ><style type=\"text\/css\" data-created_by=\"avia_inline_auto\" id=\"style-css-av-jw7mtoad-84a98e934066f4be29423dd168c08a13\">\n#top .avia-icon-list-container.av-jw7mtoad-84a98e934066f4be29423dd168c08a13 .iconlist_icon{\ncolor:#ffffff;\nbackground-color:#00a8ca;\n}\n#top .avia-icon-list-container.av-jw7mtoad-84a98e934066f4be29423dd168c08a13 .iconlist_icon svg:first-child{\nstroke:#ffffff;\nfill:#ffffff;\n}\n#top #wrap_all .avia-icon-list-container.av-jw7mtoad-84a98e934066f4be29423dd168c08a13 .av_iconlist_title{\ncolor:#00a8ca;\n}\n<\/style>\n<div  class='avia-icon-list-container av-jw7mtoad-84a98e934066f4be29423dd168c08a13  avia-builder-el-6  avia-builder-el-no-sibling '><ul class='avia-icon-list avia_animate_when_almost_visible avia-icon-list-left av-iconlist-small av-jw7mtoad-84a98e934066f4be29423dd168c08a13'>\n<li><div class='iconlist_icon av-2066wk-37b2320a2fd19dbf84f9262c4034e34d avia-font-entypo-fontello avia-iconfont avia-font-entypo-fontello'><span class='av-icon-char' data-av_icon='\ue812' data-av_iconfont='entypo-fontello' aria-hidden=\"true\"><\/span><\/div><article class=\"article-icon-entry av-iconlist-empty\"  itemscope=\"itemscope\" itemtype=\"https:\/\/schema.org\/CreativeWork\" ><div class=\"iconlist_content_wrap\"><header class=\"entry-content-header\" aria-label=\"Icon: Behandlung akuter und chronischer Krankheiten\"><div class='av_iconlist_title iconlist_title_small  av_inherit_color'  itemprop=\"headline\" >Behandlung akuter und chronischer Krankheiten<\/div><\/header><div class='iconlist_content '  itemprop=\"text\" ><\/div><\/div><footer class=\"entry-footer\"><\/footer><\/article><div class=\"iconlist-timeline\"><\/div><\/li>\n<li><div class='iconlist_icon av-1zb0zo-94fdd5c073b68c4a758a51590cd67172 avia-font-entypo-fontello avia-iconfont avia-font-entypo-fontello'><span class='av-icon-char' data-av_icon='\ue812' data-av_iconfont='entypo-fontello' aria-hidden=\"true\"><\/span><\/div><article class=\"article-icon-entry av-iconlist-empty\"  itemscope=\"itemscope\" itemtype=\"https:\/\/schema.org\/CreativeWork\" ><div class=\"iconlist_content_wrap\"><header class=\"entry-content-header\" aria-label=\"Icon: Jugendvorsorgeuntersuchungen (J1 und J2)\"><div class='av_iconlist_title iconlist_title_small  av_inherit_color'  itemprop=\"headline\" >Jugendvorsorgeuntersuchungen (J1 und J2)<\/div><\/header><div class='iconlist_content '  itemprop=\"text\" ><\/div><\/div><footer class=\"entry-footer\"><\/footer><\/article><div class=\"iconlist-timeline\"><\/div><\/li>\n<li><div class='iconlist_icon av-1rk6es-707e695cf6a9b00d44b8eb6b9f222f9b avia-font-entypo-fontello avia-iconfont avia-font-entypo-fontello'><span class='av-icon-char' data-av_icon='\ue812' data-av_iconfont='entypo-fontello' aria-hidden=\"true\"><\/span><\/div><article class=\"article-icon-entry av-iconlist-empty\"  itemscope=\"itemscope\" itemtype=\"https:\/\/schema.org\/CreativeWork\" ><div class=\"iconlist_content_wrap\"><header class=\"entry-content-header\" aria-label=\"Icon: Impfberatung und Impfungen\"><div class='av_iconlist_title iconlist_title_small  av_inherit_color'  itemprop=\"headline\" >Impfberatung und Impfungen<\/div><\/header><div class='iconlist_content '  itemprop=\"text\" ><\/div><\/div><footer class=\"entry-footer\"><\/footer><\/article><div class=\"iconlist-timeline\"><\/div><\/li>\n<li><div class='iconlist_icon av-1l114s-1a6794a887fbcdfe9c763396b098c17d avia-font-entypo-fontello avia-iconfont avia-font-entypo-fontello'><span class='av-icon-char' data-av_icon='\ue812' data-av_iconfont='entypo-fontello' aria-hidden=\"true\"><\/span><\/div><article class=\"article-icon-entry av-iconlist-empty\"  itemscope=\"itemscope\" itemtype=\"https:\/\/schema.org\/CreativeWork\" ><div class=\"iconlist_content_wrap\"><header class=\"entry-content-header\" aria-label=\"Icon: Ern\u00e4hrung im Jugendalter\"><div class='av_iconlist_title iconlist_title_small  av_inherit_color'  itemprop=\"headline\" >Ern\u00e4hrung im Jugendalter<\/div><\/header><div class='iconlist_content '  itemprop=\"text\" ><\/div><\/div><footer class=\"entry-footer\"><\/footer><\/article><div class=\"iconlist-timeline\"><\/div><\/li>\n<li><div class='iconlist_icon av-1dgxlw-f70663c79ad23c4ff8086fdb3eb24b63 avia-font-entypo-fontello avia-iconfont avia-font-entypo-fontello'><span class='av-icon-char' data-av_icon='\ue812' data-av_iconfont='entypo-fontello' aria-hidden=\"true\"><\/span><\/div><article class=\"article-icon-entry av-iconlist-empty\"  itemscope=\"itemscope\" itemtype=\"https:\/\/schema.org\/CreativeWork\" ><div class=\"iconlist_content_wrap\"><header class=\"entry-content-header\" aria-label=\"Icon: Sport als Pr\u00e4vention\"><div class='av_iconlist_title iconlist_title_small  av_inherit_color'  itemprop=\"headline\" >Sport als Pr\u00e4vention<\/div><\/header><div class='iconlist_content '  itemprop=\"text\" ><\/div><\/div><footer class=\"entry-footer\"><\/footer><\/article><div class=\"iconlist-timeline\"><\/div><\/li>\n<li><div class='iconlist_icon av-19541g-2117a1fec8f4c2ab7d85e8ee54a604e6 avia-font-entypo-fontello avia-iconfont avia-font-entypo-fontello'><span class='av-icon-char' data-av_icon='\ue812' data-av_iconfont='entypo-fontello' aria-hidden=\"true\"><\/span><\/div><article class=\"article-icon-entry av-iconlist-empty\"  itemscope=\"itemscope\" itemtype=\"https:\/\/schema.org\/CreativeWork\" ><div class=\"iconlist_content_wrap\"><header class=\"entry-content-header\" aria-label=\"Icon: Essst\u00f6rungen\"><div class='av_iconlist_title iconlist_title_small  av_inherit_color'  itemprop=\"headline\" >Essst\u00f6rungen<\/div><\/header><div class='iconlist_content '  itemprop=\"text\" ><\/div><\/div><footer class=\"entry-footer\"><\/footer><\/article><div class=\"iconlist-timeline\"><\/div><\/li>\n<li><div class='iconlist_icon av-12mi1w-85df9d11adc166e281e269ebc1bb539f avia-font-entypo-fontello avia-iconfont avia-font-entypo-fontello'><span class='av-icon-char' data-av_icon='\ue812' data-av_iconfont='entypo-fontello' aria-hidden=\"true\"><\/span><\/div><article class=\"article-icon-entry av-iconlist-empty\"  itemscope=\"itemscope\" itemtype=\"https:\/\/schema.org\/CreativeWork\" ><div class=\"iconlist_content_wrap\"><header class=\"entry-content-header\" aria-label=\"Icon: Seh- und H\u00f6rtestungen\"><div class='av_iconlist_title iconlist_title_small  av_inherit_color'  itemprop=\"headline\" >Seh- und H\u00f6rtestungen<\/div><\/header><div class='iconlist_content '  itemprop=\"text\" ><\/div><\/div><footer class=\"entry-footer\"><\/footer><\/article><div class=\"iconlist-timeline\"><\/div><\/li>\n<\/ul><\/div><\/div><div class='av-flex-placeholder'><\/div>\n<style type=\"text\/css\" data-created_by=\"avia_inline_auto\" id=\"style-css-av-97p26-498897698f1f758777f3cb50aa14a09e\">\n.flex_column.av-97p26-498897698f1f758777f3cb50aa14a09e{\nborder-radius:0px 0px 0px 0px;\npadding:0px 0px 0px 0px;\n}\n<\/style>\n<div  class='flex_column av-97p26-498897698f1f758777f3cb50aa14a09e av_one_half  avia-builder-el-7  el_after_av_one_half  avia-builder-el-last  flex_column_table_cell av-equal-height-column av-align-top av-zero-column-padding  column-top-margin'     ><style type=\"text\/css\" data-created_by=\"avia_inline_auto\" id=\"style-css-av-jw7mtoad-0e5163ac78ba409a79ce2b37461fbafd\">\n#top .avia-icon-list-container.av-jw7mtoad-0e5163ac78ba409a79ce2b37461fbafd .iconlist_icon{\ncolor:#ffffff;\nbackground-color:#00a8ca;\n}\n#top .avia-icon-list-container.av-jw7mtoad-0e5163ac78ba409a79ce2b37461fbafd .iconlist_icon svg:first-child{\nstroke:#ffffff;\nfill:#ffffff;\n}\n#top #wrap_all .avia-icon-list-container.av-jw7mtoad-0e5163ac78ba409a79ce2b37461fbafd .av_iconlist_title{\ncolor:#00a8ca;\n}\n.avia-icon-list-container.av-jw7mtoad-0e5163ac78ba409a79ce2b37461fbafd .iconlist_content{\ncolor:#ffffff;\n}\n<\/style>\n<div  class='avia-icon-list-container av-jw7mtoad-0e5163ac78ba409a79ce2b37461fbafd  avia-builder-el-8  avia-builder-el-no-sibling '><ul class='avia-icon-list avia_animate_when_almost_visible avia-icon-list-left av-iconlist-small av-jw7mtoad-0e5163ac78ba409a79ce2b37461fbafd'>\n<li><div class='iconlist_icon av-1afu50-3df164b3044f59219e28b62ffef4d2a8 avia-font-entypo-fontello avia-iconfont avia-font-entypo-fontello'><span class='av-icon-char' data-av_icon='\ue812' data-av_iconfont='entypo-fontello' aria-hidden=\"true\"><\/span><\/div><article class=\"article-icon-entry av-iconlist-empty\"  itemscope=\"itemscope\" itemtype=\"https:\/\/schema.org\/CreativeWork\" ><div class=\"iconlist_content_wrap\"><header class=\"entry-content-header\" aria-label=\"Icon: Pulsoxymetrie\"><div class='av_iconlist_title iconlist_title_small  av_inherit_color'  itemprop=\"headline\" >Pulsoxymetrie<\/div><\/header><div class='iconlist_content av_inherit_color'  itemprop=\"text\" ><\/div><\/div><footer class=\"entry-footer\"><\/footer><\/article><div class=\"iconlist-timeline\"><\/div><\/li>\n<li><div class='iconlist_icon av-11mph0-2aeb46460ad9d8c91c6c22d65c289e24 avia-font-entypo-fontello avia-iconfont avia-font-entypo-fontello'><span class='av-icon-char' data-av_icon='\ue812' data-av_iconfont='entypo-fontello' aria-hidden=\"true\"><\/span><\/div><article class=\"article-icon-entry av-iconlist-empty\"  itemscope=\"itemscope\" itemtype=\"https:\/\/schema.org\/CreativeWork\" ><div class=\"iconlist_content_wrap\"><header class=\"entry-content-header\" aria-label=\"Icon: Allergiediagnostik ( Prick, RAST etc.)\"><div class='av_iconlist_title iconlist_title_small  av_inherit_color'  itemprop=\"headline\" >Allergiediagnostik ( Prick, RAST etc.)<\/div><\/header><div class='iconlist_content av_inherit_color'  itemprop=\"text\" ><\/div><\/div><footer class=\"entry-footer\"><\/footer><\/article><div class=\"iconlist-timeline\"><\/div><\/li>\n<li><div class='iconlist_icon av-3iqok-39064a631548b77b4f550e7781546350 avia-font-entypo-fontello avia-iconfont avia-font-entypo-fontello'><span class='av-icon-char' data-av_icon='\ue812' data-av_iconfont='entypo-fontello' aria-hidden=\"true\"><\/span><\/div><article class=\"article-icon-entry av-iconlist-empty\"  itemscope=\"itemscope\" itemtype=\"https:\/\/schema.org\/CreativeWork\" ><div class=\"iconlist_content_wrap\"><header class=\"entry-content-header\" aria-label=\"Icon: Reisemedizinische Beratung\"><div class='av_iconlist_title iconlist_title_small  av_inherit_color'  itemprop=\"headline\" >Reisemedizinische Beratung<\/div><\/header><div class='iconlist_content av_inherit_color'  itemprop=\"text\" ><\/div><\/div><footer class=\"entry-footer\"><\/footer><\/article><div class=\"iconlist-timeline\"><\/div><\/li>\n<li><div class='iconlist_icon av-2odbg-fe92f47db6d5b6ecc63e21ebbfc5646f avia-font-entypo-fontello avia-iconfont avia-font-entypo-fontello'><span class='av-icon-char' data-av_icon='\ue812' data-av_iconfont='entypo-fontello' aria-hidden=\"true\"><\/span><\/div><article class=\"article-icon-entry av-iconlist-empty\"  itemscope=\"itemscope\" itemtype=\"https:\/\/schema.org\/CreativeWork\" ><div class=\"iconlist_content_wrap\"><header class=\"entry-content-header\" aria-label=\"Icon: Laboruntersuchungen in der Praxis (CRP, Streptokokkenschnelltest A, Urinstix)\"><div class='av_iconlist_title iconlist_title_small  av_inherit_color'  itemprop=\"headline\" >Laboruntersuchungen in der Praxis (CRP, Streptokokkenschnelltest A, Urinstix)<\/div><\/header><div class='iconlist_content av_inherit_color'  itemprop=\"text\" ><\/div><\/div><footer class=\"entry-footer\"><\/footer><\/article><div class=\"iconlist-timeline\"><\/div><\/li>\n<li><div class='iconlist_icon av-muwes-6b9e41de6d400217469f9582a5280b04 avia-font-entypo-fontello avia-iconfont avia-font-entypo-fontello'><span class='av-icon-char' data-av_icon='\ue812' data-av_iconfont='entypo-fontello' aria-hidden=\"true\"><\/span><\/div><article class=\"article-icon-entry av-iconlist-empty\"  itemscope=\"itemscope\" itemtype=\"https:\/\/schema.org\/CreativeWork\" ><div class=\"iconlist_content_wrap\"><header class=\"entry-content-header\" aria-label=\"Icon: Kleine Wundversorgung und Verb\u00e4nde\"><div class='av_iconlist_title iconlist_title_small  av_inherit_color'  itemprop=\"headline\" >Kleine Wundversorgung und Verb\u00e4nde<\/div><\/header><div class='iconlist_content av_inherit_color'  itemprop=\"text\" ><\/div><\/div><footer class=\"entry-footer\"><\/footer><\/article><div class=\"iconlist-timeline\"><\/div><\/li>\n<li><div class='iconlist_icon av-h2swc-59b34bdd40a5dbd83da34d04adfecca4 avia-font-entypo-fontello avia-iconfont avia-font-entypo-fontello'><span class='av-icon-char' data-av_icon='\ue812' data-av_iconfont='entypo-fontello' aria-hidden=\"true\"><\/span><\/div><article class=\"article-icon-entry av-iconlist-empty\"  itemscope=\"itemscope\" itemtype=\"https:\/\/schema.org\/CreativeWork\" ><div class=\"iconlist_content_wrap\"><header class=\"entry-content-header\" aria-label=\"Icon: Atteste (Sport, Reise, Operationen, Allergien, Ausbildung)\"><div class='av_iconlist_title iconlist_title_small  av_inherit_color'  itemprop=\"headline\" >Atteste (Sport, Reise, Operationen, Allergien, Ausbildung)<\/div><\/header><div class='iconlist_content av_inherit_color'  itemprop=\"text\" ><\/div><\/div><footer class=\"entry-footer\"><\/footer><\/article><div class=\"iconlist-timeline\"><\/div><\/li>\n<li><div class='iconlist_icon av-b9f38-2cf78ff76fe4517e572f9e77d644ac16 avia-font-entypo-fontello avia-iconfont avia-font-entypo-fontello'><span class='av-icon-char' data-av_icon='\ue812' data-av_iconfont='entypo-fontello' aria-hidden=\"true\"><\/span><\/div><article class=\"article-icon-entry av-iconlist-empty\"  itemscope=\"itemscope\" itemtype=\"https:\/\/schema.org\/CreativeWork\" ><div class=\"iconlist_content_wrap\"><header class=\"entry-content-header\" aria-label=\"Icon: Hilfe bei der \u00dcbergang in die Erwachsenenmedizin\"><div class='av_iconlist_title iconlist_title_small  av_inherit_color'  itemprop=\"headline\" >Hilfe bei der \u00dcbergang in die Erwachsenenmedizin<\/div><\/header><div class='iconlist_content av_inherit_color'  itemprop=\"text\" ><\/div><\/div><footer class=\"entry-footer\"><\/footer><\/article><div class=\"iconlist-timeline\"><\/div><\/li>\n<\/ul><\/div><\/div><\/div><!--close column table wrapper. Autoclose: 1 -->\n","protected":false},"excerpt":{"rendered":"","protected":false},"author":1,"featured_media":0,"parent":0,"menu_order":0,"comment_status":"closed","ping_status":"closed","template":"","meta":{"footnotes":""},"class_list":["post-236","page","type-page","status-publish","hentry"],"yoast_head":"<!-- This site is optimized with the Yoast SEO plugin v27.4 - https:\/\/yoast.com\/product\/yoast-seo-wordpress\/ -->\n<title>Jugendmedizin - Kinderarztpraxis - Elefanten<\/title>\n<meta name=\"robots\" content=\"index, follow, max-snippet:-1, max-image-preview:large, max-video-preview:-1\" \/>\n<link rel=\"canonical\" href=\"https:\/\/www.kinderarzt-elefanten.de\/de\/jugendmedizin\/\" \/>\n<meta property=\"og:locale\" content=\"de_DE\" \/>\n<meta property=\"og:type\" content=\"article\" \/>\n<meta property=\"og:title\" content=\"Jugendmedizin - Kinderarztpraxis - Elefanten\" \/>\n<meta property=\"og:url\" content=\"https:\/\/www.kinderarzt-elefanten.de\/de\/jugendmedizin\/\" \/>\n<meta property=\"og:site_name\" content=\"Kinderarztpraxis - Elefanten\" \/>\n<meta property=\"article:modified_time\" content=\"2019-06-28T09:48:34+00:00\" \/>\n<meta name=\"twitter:card\" content=\"summary_large_image\" \/>\n<meta name=\"twitter:label1\" content=\"Gesch\u00e4tzte Lesezeit\" \/>\n\t<meta name=\"twitter:data1\" content=\"7\u00a0Minuten\" \/>\n<script type=\"application\/ld+json\" class=\"yoast-schema-graph\">{\"@context\":\"https:\\\/\\\/schema.org\",\"@graph\":[{\"@type\":\"WebPage\",\"@id\":\"https:\\\/\\\/www.kinderarzt-elefanten.de\\\/de\\\/jugendmedizin\\\/\",\"url\":\"https:\\\/\\\/www.kinderarzt-elefanten.de\\\/de\\\/jugendmedizin\\\/\",\"name\":\"Jugendmedizin - Kinderarztpraxis - Elefanten\",\"isPartOf\":{\"@id\":\"https:\\\/\\\/www.kinderarzt-elefanten.de\\\/de\\\/#website\"},\"datePublished\":\"2019-06-05T06:33:40+00:00\",\"dateModified\":\"2019-06-28T09:48:34+00:00\",\"breadcrumb\":{\"@id\":\"https:\\\/\\\/www.kinderarzt-elefanten.de\\\/de\\\/jugendmedizin\\\/#breadcrumb\"},\"inLanguage\":\"de\",\"potentialAction\":[{\"@type\":\"ReadAction\",\"target\":[\"https:\\\/\\\/www.kinderarzt-elefanten.de\\\/de\\\/jugendmedizin\\\/\"]}]},{\"@type\":\"BreadcrumbList\",\"@id\":\"https:\\\/\\\/www.kinderarzt-elefanten.de\\\/de\\\/jugendmedizin\\\/#breadcrumb\",\"itemListElement\":[{\"@type\":\"ListItem\",\"position\":1,\"name\":\"Startseite\",\"item\":\"https:\\\/\\\/www.kinderarzt-elefanten.de\\\/de\\\/home\\\/\"},{\"@type\":\"ListItem\",\"position\":2,\"name\":\"Jugendmedizin\"}]},{\"@type\":\"WebSite\",\"@id\":\"https:\\\/\\\/www.kinderarzt-elefanten.de\\\/de\\\/#website\",\"url\":\"https:\\\/\\\/www.kinderarzt-elefanten.de\\\/de\\\/\",\"name\":\"Kinderarztpraxis - Elefanten\",\"description\":\"Kinderarztpraxis Frankfurt\",\"potentialAction\":[{\"@type\":\"SearchAction\",\"target\":{\"@type\":\"EntryPoint\",\"urlTemplate\":\"https:\\\/\\\/www.kinderarzt-elefanten.de\\\/de\\\/?s={search_term_string}\"},\"query-input\":{\"@type\":\"PropertyValueSpecification\",\"valueRequired\":true,\"valueName\":\"search_term_string\"}}],\"inLanguage\":\"de\"}]}<\/script>\n<!-- \/ Yoast SEO plugin. -->","yoast_head_json":{"title":"Jugendmedizin - Kinderarztpraxis - Elefanten","robots":{"index":"index","follow":"follow","max-snippet":"max-snippet:-1","max-image-preview":"max-image-preview:large","max-video-preview":"max-video-preview:-1"},"canonical":"https:\/\/www.kinderarzt-elefanten.de\/de\/jugendmedizin\/","og_locale":"de_DE","og_type":"article","og_title":"Jugendmedizin - Kinderarztpraxis - Elefanten","og_url":"https:\/\/www.kinderarzt-elefanten.de\/de\/jugendmedizin\/","og_site_name":"Kinderarztpraxis - Elefanten","article_modified_time":"2019-06-28T09:48:34+00:00","twitter_card":"summary_large_image","twitter_misc":{"Gesch\u00e4tzte Lesezeit":"7\u00a0Minuten"},"schema":{"@context":"https:\/\/schema.org","@graph":[{"@type":"WebPage","@id":"https:\/\/www.kinderarzt-elefanten.de\/de\/jugendmedizin\/","url":"https:\/\/www.kinderarzt-elefanten.de\/de\/jugendmedizin\/","name":"Jugendmedizin - Kinderarztpraxis - Elefanten","isPartOf":{"@id":"https:\/\/www.kinderarzt-elefanten.de\/de\/#website"},"datePublished":"2019-06-05T06:33:40+00:00","dateModified":"2019-06-28T09:48:34+00:00","breadcrumb":{"@id":"https:\/\/www.kinderarzt-elefanten.de\/de\/jugendmedizin\/#breadcrumb"},"inLanguage":"de","potentialAction":[{"@type":"ReadAction","target":["https:\/\/www.kinderarzt-elefanten.de\/de\/jugendmedizin\/"]}]},{"@type":"BreadcrumbList","@id":"https:\/\/www.kinderarzt-elefanten.de\/de\/jugendmedizin\/#breadcrumb","itemListElement":[{"@type":"ListItem","position":1,"name":"Startseite","item":"https:\/\/www.kinderarzt-elefanten.de\/de\/home\/"},{"@type":"ListItem","position":2,"name":"Jugendmedizin"}]},{"@type":"WebSite","@id":"https:\/\/www.kinderarzt-elefanten.de\/de\/#website","url":"https:\/\/www.kinderarzt-elefanten.de\/de\/","name":"Kinderarztpraxis - Elefanten","description":"Kinderarztpraxis Frankfurt","potentialAction":[{"@type":"SearchAction","target":{"@type":"EntryPoint","urlTemplate":"https:\/\/www.kinderarzt-elefanten.de\/de\/?s={search_term_string}"},"query-input":{"@type":"PropertyValueSpecification","valueRequired":true,"valueName":"search_term_string"}}],"inLanguage":"de"}]}},"_links":{"self":[{"href":"https:\/\/www.kinderarzt-elefanten.de\/de\/wp-json\/wp\/v2\/pages\/236","targetHints":{"allow":["GET"]}}],"collection":[{"href":"https:\/\/www.kinderarzt-elefanten.de\/de\/wp-json\/wp\/v2\/pages"}],"about":[{"href":"https:\/\/www.kinderarzt-elefanten.de\/de\/wp-json\/wp\/v2\/types\/page"}],"author":[{"embeddable":true,"href":"https:\/\/www.kinderarzt-elefanten.de\/de\/wp-json\/wp\/v2\/users\/1"}],"replies":[{"embeddable":true,"href":"https:\/\/www.kinderarzt-elefanten.de\/de\/wp-json\/wp\/v2\/comments?post=236"}],"version-history":[{"count":1,"href":"https:\/\/www.kinderarzt-elefanten.de\/de\/wp-json\/wp\/v2\/pages\/236\/revisions"}],"predecessor-version":[{"id":599,"href":"https:\/\/www.kinderarzt-elefanten.de\/de\/wp-json\/wp\/v2\/pages\/236\/revisions\/599"}],"wp:attachment":[{"href":"https:\/\/www.kinderarzt-elefanten.de\/de\/wp-json\/wp\/v2\/media?parent=236"}],"curies":[{"name":"wp","href":"https:\/\/api.w.org\/{rel}","templated":true}]}}