{"id":2,"date":"2019-05-20T14:12:51","date_gmt":"2019-05-20T12:12:51","guid":{"rendered":"http:\/\/elefanten.testserver-webdesigndoerrer.de\/?page_id=2"},"modified":"2024-04-23T15:56:17","modified_gmt":"2024-04-23T13:56:17","slug":"home","status":"publish","type":"page","link":"https:\/\/www.kinderarzt-elefanten.de\/de\/","title":{"rendered":"Home"},"content":{"rendered":"<div id='av_section_1'  class='avia-section av-71fy-937341ea9f533564f74c7dee5ad946c9 header_color avia-section-small avia-no-border-styling  avia-builder-el-0  el_before_av_section  avia-builder-el-first  avia-bg-style-scroll container_wrap fullsize'  ><div class='container av-section-cont-open' ><main  role=\"main\" itemprop=\"mainContentOfPage\"  class='template-page content  av-content-full alpha units'><div class='post-entry post-entry-type-page post-entry-2'><div class='entry-content-wrapper clearfix'>\n\n<style type=\"text\/css\" data-created_by=\"avia_inline_auto\" id=\"style-css-av-jwiu9z4b-3e017858e04f7a2efc06439f1fe33e11\">\n.avia-image-container.av-jwiu9z4b-3e017858e04f7a2efc06439f1fe33e11 img.avia_image{\nbox-shadow:none;\n}\n.avia-image-container.av-jwiu9z4b-3e017858e04f7a2efc06439f1fe33e11 .av-image-caption-overlay-center{\ncolor:#ffffff;\n}\n<\/style>\n<div  class='avia-image-container av-jwiu9z4b-3e017858e04f7a2efc06439f1fe33e11 av-styling-no-styling avia-align-center  avia-builder-el-1  avia-builder-el-no-sibling '   itemprop=\"image\" itemscope=\"itemscope\" itemtype=\"https:\/\/schema.org\/ImageObject\" ><div class=\"avia-image-container-inner\"><div class=\"avia-image-overlay-wrap\"><img decoding=\"async\" fetchpriority=\"high\" class='wp-image-34 avia-img-lazy-loading-not-34 avia_image ' src=\"https:\/\/www.kinderarzt-elefanten.de\/wp-content\/uploads\/2019\/05\/Kinderarzt-Frankfurt01.jpg\" alt='Kinderarzt - Bei den Elefanten' title='Kinderarzt-Frankfurt01'  height=\"667\" width=\"1920\"  itemprop=\"thumbnailUrl\" srcset=\"https:\/\/www.kinderarzt-elefanten.de\/wp-content\/uploads\/2019\/05\/Kinderarzt-Frankfurt01.jpg 1920w, https:\/\/www.kinderarzt-elefanten.de\/wp-content\/uploads\/2019\/05\/Kinderarzt-Frankfurt01-300x104.jpg 300w, https:\/\/www.kinderarzt-elefanten.de\/wp-content\/uploads\/2019\/05\/Kinderarzt-Frankfurt01-768x267.jpg 768w, https:\/\/www.kinderarzt-elefanten.de\/wp-content\/uploads\/2019\/05\/Kinderarzt-Frankfurt01-1030x358.jpg 1030w, https:\/\/www.kinderarzt-elefanten.de\/wp-content\/uploads\/2019\/05\/Kinderarzt-Frankfurt01-1500x521.jpg 1500w, https:\/\/www.kinderarzt-elefanten.de\/wp-content\/uploads\/2019\/05\/Kinderarzt-Frankfurt01-705x245.jpg 705w, https:\/\/www.kinderarzt-elefanten.de\/wp-content\/uploads\/2019\/05\/Kinderarzt-Frankfurt01-450x156.jpg 450w\" sizes=\"(max-width: 1920px) 100vw, 1920px\" \/><\/div><\/div><\/div>\n\n<\/div><\/div><\/main><!-- close content main element --><\/div><\/div><div id='av_section_2'  class='avia-section av-7xv6-689dbad210f08c8a885dfcd08d7c3a51 main_color avia-section-default avia-no-border-styling  avia-builder-el-2  el_after_av_section  el_before_av_postcontent  avia-bg-style-scroll container_wrap fullsize'  ><div class='container av-section-cont-open' ><div class='template-page content  av-content-full alpha units'><div class='post-entry post-entry-type-page post-entry-2'><div class='entry-content-wrapper clearfix'>\n\n<div class='flex_column_table av-jwiuk9fd-590c9d3903c8cc96a224f61e1ad8b963 sc-av_one_full av-equal-height-column-flextable'>\n<style type=\"text\/css\" data-created_by=\"avia_inline_auto\" id=\"style-css-av-jwiuk9fd-590c9d3903c8cc96a224f61e1ad8b963\">\n.flex_column.av-jwiuk9fd-590c9d3903c8cc96a224f61e1ad8b963{\nborder-radius:0px 0px 0px 0px;\npadding:0px 0px 0px 0px;\n}\n<\/style>\n<div  class='flex_column av-jwiuk9fd-590c9d3903c8cc96a224f61e1ad8b963 av_one_full  avia-builder-el-4  el_after_av_codeblock  avia-builder-el-last  first flex_column_table_cell av-equal-height-column av-align-middle av-zero-column-padding  '     ><p>\n<style type=\"text\/css\" data-created_by=\"avia_inline_auto\" id=\"style-css-av-jxbpgbgh-96dd31e8805a175327cf555f6bb9a448\">\n#top .av-special-heading.av-jxbpgbgh-96dd31e8805a175327cf555f6bb9a448{\npadding-bottom:10px;\n}\nbody .av-special-heading.av-jxbpgbgh-96dd31e8805a175327cf555f6bb9a448 .av-special-heading-tag .heading-char{\nfont-size:25px;\n}\n.av-special-heading.av-jxbpgbgh-96dd31e8805a175327cf555f6bb9a448 .av-subheading{\nfont-size:15px;\n}\n<\/style>\n<div  class='av-special-heading av-jxbpgbgh-96dd31e8805a175327cf555f6bb9a448 av-special-heading-h1 blockquote modern-quote  avia-builder-el-5  el_before_av_textblock  avia-builder-el-first '><h1 class='av-special-heading-tag '  itemprop=\"headline\"  >Liebe Eltern, Kinder und Jugendliche<\/h1><div class=\"special-heading-border\"><div class=\"special-heading-inner-border\"><\/div><\/div><\/div><br \/>\n<section  class='av_textblock_section av-2n84-1a37045104bc3d7c3f54bcc3e99dc318 '   itemscope=\"itemscope\" itemtype=\"https:\/\/schema.org\/CreativeWork\" ><div class='avia_textblock'  itemprop=\"text\" ><p>herzlich willkommen in unserer Praxis f\u00fcr Kinder- und Jugendmedizin in Frankfurt &#8211; Sachsenhausen. Gerne m\u00f6chten wir Euch unser Leistungsspektrum, das Team und die Praxisr\u00e4ume vorstellen.<\/p>\n<\/div><\/section><\/p><\/div><\/div><!--close column table wrapper. Autoclose: 1 -->[av_section min_height='' min_height_pc='25' min_height_px='500px' shadow='no-border-styling' bottom_border='no-border-styling' bottom_border_diagonal_color='#333333' bottom_border_diagonal_direction='' bottom_border_style='' padding='default' custom_margin='0px' custom_margin_sync='true' av-desktop-custom_margin='' av-desktop-custom_margin_sync='true' av-medium-custom_margin='' av-medium-custom_margin_sync='true' av-small-custom_margin='' av-small-custom_margin_sync='true' av-mini-custom_margin='' av-mini-custom_margin_sync='true' svg_div_top='' svg_div_top_color='#333333' svg_div_top_width='100' svg_div_top_height='50' svg_div_top_max_height='none' svg_div_top_opacity='' svg_div_bottom='' svg_div_bottom_color='#333333' svg_div_bottom_width='100' svg_div_bottom_height='50' svg_div_bottom_max_height='none' svg_div_bottom_opacity='' fold_type='' fold_height='' fold_more='Weiterlesen' fold_less='Read less' fold_text_style='' fold_btn_align='' color='main_color' background='bg_color' custom_bg='' background_gradient_direction='vertical' background_gradient_color1='' background_gradient_color2='' background_gradient_color3='' src='' attachment='' attachment_size='' src_dynamic='' attach='scroll' position='top left' repeat='no-repeat' video='' video_ratio='16:9' overlay_opacity='0.5' overlay_color='' overlay_pattern='' overlay_custom_pattern='' custom_arrow_bg='' fold_overlay_color='' fold_text_color='' fold_btn_color='theme-color' fold_btn_bg_color='' fold_btn_font_color='' size-btn-text='' av-desktop-font-size-btn-text='' av-medium-font-size-btn-text='' av-small-font-size-btn-text='' av-mini-font-size-btn-text='' fold_timer='' z_index_fold='' css_position_z_index='' av-desktop-css_position_z_index='' av-medium-css_position_z_index='' av-small-css_position_z_index='' av-mini-css_position_z_index='' id='' custom_class='' template_class='' aria_label='' av_element_hidden_in_editor='0' av_uid='av-15u6u' sc_version='1.0']\r\n\r\n[av_heading heading='Aktuelles' tag='h1' style='blockquote modern-quote' subheading_active='' show_icon='' icon='ue800' font='entypo-fontello' size='' av-desktop-font-size-title='' av-medium-font-size-title='' av-small-font-size-title='' av-mini-font-size-title='' subheading_size='15' av-desktop-font-size='' av-medium-font-size='' av-small-font-size='' av-mini-font-size='' icon_size='' av-desktop-font-size-1='' av-medium-font-size-1='' av-small-font-size-1='' av-mini-font-size-1='' color='custom-color-heading' custom_font='#f72900' subheading_color='' seperator_color='' icon_color='' margin='' margin_sync='true' av-desktop-margin='' av-desktop-margin_sync='true' av-medium-margin='' av-medium-margin_sync='true' av-small-margin='' av-small-margin_sync='true' av-mini-margin='' av-mini-margin_sync='true' headline_padding='' headline_padding_sync='true' av-desktop-headline_padding='' av-desktop-headline_padding_sync='true' av-medium-headline_padding='' av-medium-headline_padding_sync='true' av-small-headline_padding='' av-small-headline_padding_sync='true' av-mini-headline_padding='' av-mini-headline_padding_sync='true' padding='10' av-desktop-padding='' av-medium-padding='' av-small-padding='' av-mini-padding='' icon_padding='10' av-desktop-icon_padding='' av-medium-icon_padding='' av-small-icon_padding='' av-mini-icon_padding='' link='manually,http:\/\/' link_dynamic='' link_target='' title_attr='' id='' custom_class='' template_class='' av_uid='av-2n02' sc_version='1.0' admin_preview_bg=''][\/av_heading]\r\n\r\n[av_textblock fold_type='' fold_height='' fold_more='Weiterlesen' fold_less='Read less' fold_text_style='' fold_btn_align='' textblock_styling_align='' textblock_styling='' textblock_styling_gap='' textblock_styling_mobile='' size='' av-desktop-font-size='' av-medium-font-size='' av-small-font-size='' av-mini-font-size='' font_color='custom' color='#5eccdb' background='bg_color' background_color='' background_gradient_direction='vertical' background_gradient_color1='#000000' background_gradient_color2='#ffffff' background_gradient_color3='' padding='' padding_sync='true' av-desktop-padding='' av-desktop-padding_sync='true' av-medium-padding='' av-medium-padding_sync='true' av-small-padding='' av-small-padding_sync='true' av-mini-padding='' av-mini-padding_sync='true' fold_overlay_color='' fold_text_color='' fold_btn_color='theme-color' fold_btn_bg_color='' fold_btn_font_color='' size-btn-text='' av-desktop-font-size-btn-text='' av-medium-font-size-btn-text='' av-small-font-size-btn-text='' av-mini-font-size-btn-text='' container_tag='' fold_timer='' z_index_fold='' id='' custom_class='' template_class='' av_uid='av-xuja' sc_version='1.0' admin_preview_bg='rgb(255, 255, 255)']\r\nLiebe Eltern\r\n<ul>\r\n \t<li>Die Akut-Sprechstunde ist nur mit vorheriger telefonischer Anmeldung m\u00f6glich<\/li>\r\n \t<li>Zum Schutz vor Infektionen ist die Anwesenheit im Behandlungsraum auf ein Kind und eine Begleitperson beschr\u00e4nkt<\/li>\r\n \t<li>Vorsorgeuntersuchungen und Impftermine sind zeitlich von den Akut-Sprechstunden getrennt<\/li>\r\n \t<li>Rezepte, Kinderkrankmeldungen, \u00dcberweisungen und Verordnungen bestellen Sie bitte per Email vor<\/li>\r\n<\/ul>\r\n[\/av_textblock]\r\n\r\n[\/av_section][av_textblock fold_type='' fold_height='' fold_more='Weiterlesen' fold_less='Read less' fold_text_style='' fold_btn_align='' textblock_styling_align='' textblock_styling='' textblock_styling_gap='' textblock_styling_mobile='' size='' av-desktop-font-size='' av-medium-font-size='' av-small-font-size='' av-mini-font-size='' font_color='' color='' fold_overlay_color='' fold_text_color='' fold_btn_color='theme-color' fold_btn_bg_color='' fold_btn_font_color='' size-btn-text='' av-desktop-font-size-btn-text='' av-medium-font-size-btn-text='' av-small-font-size-btn-text='' av-mini-font-size-btn-text='' fold_timer='' z_index_fold='' id='' custom_class='' template_class='' av_uid='av-sxdi' sc_version='1.0' admin_preview_bg=''][\/av_textblock]\r\n\r\n<\/p>\n","protected":false},"excerpt":{"rendered":"","protected":false},"author":1,"featured_media":0,"parent":0,"menu_order":0,"comment_status":"closed","ping_status":"open","template":"","meta":{"footnotes":""},"class_list":["post-2","page","type-page","status-publish","hentry"],"yoast_head":"<!-- This site is optimized with the Yoast SEO plugin v27.5 - https:\/\/yoast.com\/product\/yoast-seo-wordpress\/ -->\n<title>Kinderarzt - Bei den Elefanten - Frankfurt \/ Sachsenhausen<\/title>\n<meta name=\"description\" content=\"Kinderarzt in Frankfurt - Dr. med. Simona Kloft Zitnik \u2713 Gutzkowstra\u00dfe 960594 Frankfurt am Main \u2713 Tel.: 069. 770 191 20 \u2713 info@kinderarzt-elefanten.de\" \/>\n<meta name=\"robots\" content=\"index, follow, max-snippet:-1, max-image-preview:large, max-video-preview:-1\" \/>\n<link rel=\"canonical\" href=\"https:\/\/www.kinderarzt-elefanten.de\/de\/home\/\" \/>\n<meta property=\"og:locale\" content=\"de_DE\" \/>\n<meta property=\"og:type\" content=\"article\" \/>\n<meta property=\"og:title\" content=\"Kinderarzt - Bei den Elefanten - Frankfurt \/ Sachsenhausen\" \/>\n<meta property=\"og:description\" content=\"Kinderarzt in Frankfurt - Dr. med. Simona Kloft Zitnik \u2713 Gutzkowstra\u00dfe 960594 Frankfurt am Main \u2713 Tel.: 069. 770 191 20 \u2713 info@kinderarzt-elefanten.de\" \/>\n<meta property=\"og:url\" content=\"https:\/\/www.kinderarzt-elefanten.de\/de\/home\/\" \/>\n<meta property=\"og:site_name\" content=\"Kinderarztpraxis - Elefanten\" \/>\n<meta property=\"article:modified_time\" content=\"2024-04-23T13:56:17+00:00\" \/>\n<meta property=\"og:image\" content=\"https:\/\/www.doctolib.de\/external_button\/doctolib-white-transparent.png\" \/>\n<meta name=\"twitter:card\" content=\"summary_large_image\" \/>\n<meta name=\"twitter:label1\" content=\"Gesch\u00e4tzte Lesezeit\" \/>\n\t<meta name=\"twitter:data1\" content=\"2\u00a0Minuten\" \/>\n<script type=\"application\/ld+json\" class=\"yoast-schema-graph\">{\"@context\":\"https:\\\/\\\/schema.org\",\"@graph\":[{\"@type\":\"WebPage\",\"@id\":\"https:\\\/\\\/www.kinderarzt-elefanten.de\\\/de\\\/home\\\/\",\"url\":\"https:\\\/\\\/www.kinderarzt-elefanten.de\\\/de\\\/home\\\/\",\"name\":\"Kinderarzt - Bei den Elefanten - Frankfurt \\\/ Sachsenhausen\",\"isPartOf\":{\"@id\":\"https:\\\/\\\/www.kinderarzt-elefanten.de\\\/de\\\/#website\"},\"primaryImageOfPage\":{\"@id\":\"https:\\\/\\\/www.kinderarzt-elefanten.de\\\/de\\\/home\\\/#primaryimage\"},\"image\":{\"@id\":\"https:\\\/\\\/www.kinderarzt-elefanten.de\\\/de\\\/home\\\/#primaryimage\"},\"thumbnailUrl\":\"https:\\\/\\\/www.doctolib.de\\\/external_button\\\/doctolib-white-transparent.png\",\"datePublished\":\"2019-05-20T12:12:51+00:00\",\"dateModified\":\"2024-04-23T13:56:17+00:00\",\"description\":\"Kinderarzt in Frankfurt - Dr. med. Simona Kloft Zitnik \u2713 Gutzkowstra\u00dfe 960594 Frankfurt am Main \u2713 Tel.: 069. 770 191 20 \u2713 info@kinderarzt-elefanten.de\",\"breadcrumb\":{\"@id\":\"https:\\\/\\\/www.kinderarzt-elefanten.de\\\/de\\\/home\\\/#breadcrumb\"},\"inLanguage\":\"de\",\"potentialAction\":[{\"@type\":\"ReadAction\",\"target\":[\"https:\\\/\\\/www.kinderarzt-elefanten.de\\\/de\\\/home\\\/\"]}]},{\"@type\":\"ImageObject\",\"inLanguage\":\"de\",\"@id\":\"https:\\\/\\\/www.kinderarzt-elefanten.de\\\/de\\\/home\\\/#primaryimage\",\"url\":\"https:\\\/\\\/www.doctolib.de\\\/external_button\\\/doctolib-white-transparent.png\",\"contentUrl\":\"https:\\\/\\\/www.doctolib.de\\\/external_button\\\/doctolib-white-transparent.png\"},{\"@type\":\"BreadcrumbList\",\"@id\":\"https:\\\/\\\/www.kinderarzt-elefanten.de\\\/de\\\/home\\\/#breadcrumb\",\"itemListElement\":[{\"@type\":\"ListItem\",\"position\":1,\"name\":\"Startseite\",\"item\":\"https:\\\/\\\/www.kinderarzt-elefanten.de\\\/de\\\/home\\\/\"},{\"@type\":\"ListItem\",\"position\":2,\"name\":\"Home\"}]},{\"@type\":\"WebSite\",\"@id\":\"https:\\\/\\\/www.kinderarzt-elefanten.de\\\/de\\\/#website\",\"url\":\"https:\\\/\\\/www.kinderarzt-elefanten.de\\\/de\\\/\",\"name\":\"Kinderarztpraxis - Elefanten\",\"description\":\"Kinderarztpraxis Frankfurt\",\"potentialAction\":[{\"@type\":\"SearchAction\",\"target\":{\"@type\":\"EntryPoint\",\"urlTemplate\":\"https:\\\/\\\/www.kinderarzt-elefanten.de\\\/de\\\/?s={search_term_string}\"},\"query-input\":{\"@type\":\"PropertyValueSpecification\",\"valueRequired\":true,\"valueName\":\"search_term_string\"}}],\"inLanguage\":\"de\"}]}<\/script>\n<!-- \/ Yoast SEO plugin. -->","yoast_head_json":{"title":"Kinderarzt - Bei den Elefanten - Frankfurt \/ Sachsenhausen","description":"Kinderarzt in Frankfurt - Dr. med. Simona Kloft Zitnik \u2713 Gutzkowstra\u00dfe 960594 Frankfurt am Main \u2713 Tel.: 069. 770 191 20 \u2713 info@kinderarzt-elefanten.de","robots":{"index":"index","follow":"follow","max-snippet":"max-snippet:-1","max-image-preview":"max-image-preview:large","max-video-preview":"max-video-preview:-1"},"canonical":"https:\/\/www.kinderarzt-elefanten.de\/de\/home\/","og_locale":"de_DE","og_type":"article","og_title":"Kinderarzt - Bei den Elefanten - Frankfurt \/ Sachsenhausen","og_description":"Kinderarzt in Frankfurt - Dr. med. Simona Kloft Zitnik \u2713 Gutzkowstra\u00dfe 960594 Frankfurt am Main \u2713 Tel.: 069. 770 191 20 \u2713 info@kinderarzt-elefanten.de","og_url":"https:\/\/www.kinderarzt-elefanten.de\/de\/home\/","og_site_name":"Kinderarztpraxis - Elefanten","article_modified_time":"2024-04-23T13:56:17+00:00","og_image":[{"url":"https:\/\/www.doctolib.de\/external_button\/doctolib-white-transparent.png","type":"","width":"","height":""}],"twitter_card":"summary_large_image","twitter_misc":{"Gesch\u00e4tzte Lesezeit":"2\u00a0Minuten"},"schema":{"@context":"https:\/\/schema.org","@graph":[{"@type":"WebPage","@id":"https:\/\/www.kinderarzt-elefanten.de\/de\/home\/","url":"https:\/\/www.kinderarzt-elefanten.de\/de\/home\/","name":"Kinderarzt - Bei den Elefanten - Frankfurt \/ Sachsenhausen","isPartOf":{"@id":"https:\/\/www.kinderarzt-elefanten.de\/de\/#website"},"primaryImageOfPage":{"@id":"https:\/\/www.kinderarzt-elefanten.de\/de\/home\/#primaryimage"},"image":{"@id":"https:\/\/www.kinderarzt-elefanten.de\/de\/home\/#primaryimage"},"thumbnailUrl":"https:\/\/www.doctolib.de\/external_button\/doctolib-white-transparent.png","datePublished":"2019-05-20T12:12:51+00:00","dateModified":"2024-04-23T13:56:17+00:00","description":"Kinderarzt in Frankfurt - Dr. med. Simona Kloft Zitnik \u2713 Gutzkowstra\u00dfe 960594 Frankfurt am Main \u2713 Tel.: 069. 770 191 20 \u2713 info@kinderarzt-elefanten.de","breadcrumb":{"@id":"https:\/\/www.kinderarzt-elefanten.de\/de\/home\/#breadcrumb"},"inLanguage":"de","potentialAction":[{"@type":"ReadAction","target":["https:\/\/www.kinderarzt-elefanten.de\/de\/home\/"]}]},{"@type":"ImageObject","inLanguage":"de","@id":"https:\/\/www.kinderarzt-elefanten.de\/de\/home\/#primaryimage","url":"https:\/\/www.doctolib.de\/external_button\/doctolib-white-transparent.png","contentUrl":"https:\/\/www.doctolib.de\/external_button\/doctolib-white-transparent.png"},{"@type":"BreadcrumbList","@id":"https:\/\/www.kinderarzt-elefanten.de\/de\/home\/#breadcrumb","itemListElement":[{"@type":"ListItem","position":1,"name":"Startseite","item":"https:\/\/www.kinderarzt-elefanten.de\/de\/home\/"},{"@type":"ListItem","position":2,"name":"Home"}]},{"@type":"WebSite","@id":"https:\/\/www.kinderarzt-elefanten.de\/de\/#website","url":"https:\/\/www.kinderarzt-elefanten.de\/de\/","name":"Kinderarztpraxis - Elefanten","description":"Kinderarztpraxis Frankfurt","potentialAction":[{"@type":"SearchAction","target":{"@type":"EntryPoint","urlTemplate":"https:\/\/www.kinderarzt-elefanten.de\/de\/?s={search_term_string}"},"query-input":{"@type":"PropertyValueSpecification","valueRequired":true,"valueName":"search_term_string"}}],"inLanguage":"de"}]}},"_links":{"self":[{"href":"https:\/\/www.kinderarzt-elefanten.de\/de\/wp-json\/wp\/v2\/pages\/2","targetHints":{"allow":["GET"]}}],"collection":[{"href":"https:\/\/www.kinderarzt-elefanten.de\/de\/wp-json\/wp\/v2\/pages"}],"about":[{"href":"https:\/\/www.kinderarzt-elefanten.de\/de\/wp-json\/wp\/v2\/types\/page"}],"author":[{"embeddable":true,"href":"https:\/\/www.kinderarzt-elefanten.de\/de\/wp-json\/wp\/v2\/users\/1"}],"replies":[{"embeddable":true,"href":"https:\/\/www.kinderarzt-elefanten.de\/de\/wp-json\/wp\/v2\/comments?post=2"}],"version-history":[{"count":3,"href":"https:\/\/www.kinderarzt-elefanten.de\/de\/wp-json\/wp\/v2\/pages\/2\/revisions"}],"predecessor-version":[{"id":621,"href":"https:\/\/www.kinderarzt-elefanten.de\/de\/wp-json\/wp\/v2\/pages\/2\/revisions\/621"}],"wp:attachment":[{"href":"https:\/\/www.kinderarzt-elefanten.de\/de\/wp-json\/wp\/v2\/media?parent=2"}],"curies":[{"name":"wp","href":"https:\/\/api.w.org\/{rel}","templated":true}]}}